{"id":2916,"date":"2021-03-12T08:07:13","date_gmt":"2021-03-12T05:07:13","guid":{"rendered":"https:\/\/end-ibo.com\/contact\/"},"modified":"2021-11-16T10:25:33","modified_gmt":"2021-11-16T07:25:33","slug":"kapcsolat","status":"publish","type":"page","link":"https:\/\/end-ibo.com\/hu\/kapcsolat\/","title":{"rendered":"Kapcsolat"},"content":{"rendered":"\t\t<div data-elementor-type=\"wp-page\" data-elementor-id=\"2916\" class=\"elementor elementor-2916 elementor-878\" data-elementor-settings=\"{&quot;ha_cmc_init_switcher&quot;:&quot;no&quot;}\" data-elementor-post-type=\"page\">\n\t\t\t\t\t\t<section class=\"elementor-section elementor-top-section elementor-element elementor-element-a09a38c elementor-section-height-min-height elementor-section-boxed elementor-section-height-default elementor-section-items-middle\" data-id=\"a09a38c\" data-element_type=\"section\" data-settings=\"{&quot;background_background&quot;:&quot;classic&quot;,&quot;_ha_eqh_enable&quot;:false}\">\n\t\t\t\t\t\t\t<div class=\"elementor-background-overlay\"><\/div>\n\t\t\t\t\t\t\t<div class=\"elementor-container elementor-column-gap-no\">\n\t\t\t\t\t<div class=\"elementor-column elementor-col-100 elementor-top-column elementor-element elementor-element-8044af8\" data-id=\"8044af8\" data-element_type=\"column\">\n\t\t\t<div class=\"elementor-widget-wrap elementor-element-populated\">\n\t\t\t\t\t\t<div class=\"elementor-element elementor-element-6e5a189 elementor-widget elementor-widget-heading\" data-id=\"6e5a189\" data-element_type=\"widget\" data-widget_type=\"heading.default\">\n\t\t\t\t<div class=\"elementor-widget-container\">\n\t\t\t\t\t<h4 class=\"elementor-heading-title elementor-size-default\">Kapcsolatfelv\u00e9tel<\/h4>\t\t\t\t<\/div>\n\t\t\t\t<\/div>\n\t\t\t\t<div class=\"elementor-element elementor-element-53da4f7 elementor-widget elementor-widget-heading\" data-id=\"53da4f7\" data-element_type=\"widget\" data-widget_type=\"heading.default\">\n\t\t\t\t<div class=\"elementor-widget-container\">\n\t\t\t\t\t<h1 class=\"elementor-heading-title elementor-size-default\">END-IBO \u00c9DESS\u00c9GEK V\u00c1RNAK R\u00c1D<\/h1>\t\t\t\t<\/div>\n\t\t\t\t<\/div>\n\t\t\t\t<div class=\"elementor-element elementor-element-69d2dca elementor-widget-divider--view-line elementor-widget elementor-widget-divider\" data-id=\"69d2dca\" data-element_type=\"widget\" data-widget_type=\"divider.default\">\n\t\t\t\t<div class=\"elementor-widget-container\">\n\t\t\t\t\t\t\t<div class=\"elementor-divider\">\n\t\t\t<span class=\"elementor-divider-separator\">\n\t\t\t\t\t\t<\/span>\n\t\t<\/div>\n\t\t\t\t\t\t<\/div>\n\t\t\t\t<\/div>\n\t\t\t\t<div class=\"elementor-element elementor-element-7f82bd1 elementor-widget elementor-widget-heading\" data-id=\"7f82bd1\" data-element_type=\"widget\" data-widget_type=\"heading.default\">\n\t\t\t\t<div class=\"elementor-widget-container\">\n\t\t\t\t\t<h4 class=\"elementor-heading-title elementor-size-default\">Ha kapcsolatba szeretne l\u00e9pni vel\u00fcnk, vagy csak v\u00e9lem\u00e9ny\u00e9t osztan\u00e1 meg r\u00f3lunk az al\u00e1bbi \u0171rlap seg\u00edts\u00e9g\u00e9vel megteheti.\n<\/h4>\t\t\t\t<\/div>\n\t\t\t\t<\/div>\n\t\t\t\t\t<\/div>\n\t\t<\/div>\n\t\t\t\t\t<\/div>\n\t\t<\/section>\n\t\t\t\t<section class=\"elementor-section elementor-top-section elementor-element elementor-element-6554436 elementor-section-full_width elementor-section-height-min-height elementor-section-items-stretch elementor-section-content-middle elementor-section-height-default\" data-id=\"6554436\" data-element_type=\"section\" data-settings=\"{&quot;_ha_eqh_enable&quot;:false}\">\n\t\t\t\t\t\t<div class=\"elementor-container elementor-column-gap-no\">\n\t\t\t\t\t<div class=\"elementor-column elementor-col-50 elementor-top-column elementor-element elementor-element-f47bb82\" data-id=\"f47bb82\" data-element_type=\"column\" data-settings=\"{&quot;background_background&quot;:&quot;classic&quot;}\">\n\t\t\t<div class=\"elementor-widget-wrap elementor-element-populated\">\n\t\t\t\t\t<div class=\"elementor-background-overlay\"><\/div>\n\t\t\t\t\t\t<div class=\"elementor-element elementor-element-7c93987 elementor-widget elementor-widget-heading\" data-id=\"7c93987\" data-element_type=\"widget\" data-widget_type=\"heading.default\">\n\t\t\t\t<div class=\"elementor-widget-container\">\n\t\t\t\t\t<h3 class=\"elementor-heading-title elementor-size-default\">Kapcsolat<\/h3>\t\t\t\t<\/div>\n\t\t\t\t<\/div>\n\t\t\t\t<div class=\"elementor-element elementor-element-3b4cc8a elementor-widget elementor-widget-heading\" data-id=\"3b4cc8a\" data-element_type=\"widget\" data-widget_type=\"heading.default\">\n\t\t\t\t<div class=\"elementor-widget-container\">\n\t\t\t\t\t<h5 class=\"elementor-heading-title elementor-size-default\">Email<\/h5>\t\t\t\t<\/div>\n\t\t\t\t<\/div>\n\t\t\t\t<div class=\"elementor-element elementor-element-a023905 elementor-widget elementor-widget-text-editor\" data-id=\"a023905\" data-element_type=\"widget\" data-widget_type=\"text-editor.default\">\n\t\t\t\t<div class=\"elementor-widget-container\">\n\t\t\t\t\t\t\t\t\t<div class=\"wpb_text_column wpb_content_element \"><div class=\"wpb_wrapper\"><p><span style=\"color: #ffffff;\"><a style=\"color: #ffffff;\" href=\"mailto:contact@end-ibo.com\">contact@end-ibo.com<\/a><\/span><\/p><\/div><\/div>\t\t\t\t\t\t\t\t<\/div>\n\t\t\t\t<\/div>\n\t\t\t\t<div class=\"elementor-element elementor-element-ed7b43b elementor-widget elementor-widget-heading\" data-id=\"ed7b43b\" data-element_type=\"widget\" data-widget_type=\"heading.default\">\n\t\t\t\t<div class=\"elementor-widget-container\">\n\t\t\t\t\t<h5 class=\"elementor-heading-title elementor-size-default\">Telefon<\/h5>\t\t\t\t<\/div>\n\t\t\t\t<\/div>\n\t\t\t\t<div class=\"elementor-element elementor-element-4c5b6ce elementor-widget elementor-widget-text-editor\" data-id=\"4c5b6ce\" data-element_type=\"widget\" data-widget_type=\"text-editor.default\">\n\t\t\t\t<div class=\"elementor-widget-container\">\n\t\t\t\t\t\t\t\t\t<p><span style=\"color: #ffffff;\"><a style=\"color: #ffffff;\" href=\"telto:0266 352 059\">+40 266 352 059<\/a><\/span><\/p>\t\t\t\t\t\t\t\t<\/div>\n\t\t\t\t<\/div>\n\t\t\t\t<div class=\"elementor-element elementor-element-94809b9 elementor-widget elementor-widget-heading\" data-id=\"94809b9\" data-element_type=\"widget\" data-widget_type=\"heading.default\">\n\t\t\t\t<div class=\"elementor-widget-container\">\n\t\t\t\t\t<h5 class=\"elementor-heading-title elementor-size-default\">C\u00edm<\/h5>\t\t\t\t<\/div>\n\t\t\t\t<\/div>\n\t\t\t\t<div class=\"elementor-element elementor-element-0bb6012 elementor-widget elementor-widget-text-editor\" data-id=\"0bb6012\" data-element_type=\"widget\" data-widget_type=\"text-editor.default\">\n\t\t\t\t<div class=\"elementor-widget-container\">\n\t\t\t\t\t\t\t\t\tAlszegi utca\u00a0 81.sz\u00e1m<br>\nRemete 537250\nHarghita megye\t\t\t\t\t\t\t\t<\/div>\n\t\t\t\t<\/div>\n\t\t\t\t\t<\/div>\n\t\t<\/div>\n\t\t\t\t<div class=\"elementor-column elementor-col-50 elementor-top-column elementor-element elementor-element-b309f64\" data-id=\"b309f64\" data-element_type=\"column\">\n\t\t\t<div class=\"elementor-widget-wrap elementor-element-populated\">\n\t\t\t\t\t\t<div class=\"elementor-element elementor-element-b93b763 elementor-widget elementor-widget-heading\" data-id=\"b93b763\" data-element_type=\"widget\" data-widget_type=\"heading.default\">\n\t\t\t\t<div class=\"elementor-widget-container\">\n\t\t\t\t\t<h3 class=\"elementor-heading-title elementor-size-default\">Tov\u00e1bbi inform\u00e1ci\u00f3k\u00e9rt<\/h3>\t\t\t\t<\/div>\n\t\t\t\t<\/div>\n\t\t\t\t<div class=\"elementor-element elementor-element-b635608 elementor-widget-divider--view-line elementor-widget elementor-widget-divider\" data-id=\"b635608\" data-element_type=\"widget\" data-widget_type=\"divider.default\">\n\t\t\t\t<div class=\"elementor-widget-container\">\n\t\t\t\t\t\t\t<div class=\"elementor-divider\">\n\t\t\t<span class=\"elementor-divider-separator\">\n\t\t\t\t\t\t<\/span>\n\t\t<\/div>\n\t\t\t\t\t\t<\/div>\n\t\t\t\t<\/div>\n\t\t\t\t<div class=\"elementor-element elementor-element-a6a01ab elementor-widget elementor-widget-heading\" data-id=\"a6a01ab\" data-element_type=\"widget\" data-widget_type=\"heading.default\">\n\t\t\t\t<div class=\"elementor-widget-container\">\n\t\t\t\t\t<h4 class=\"elementor-heading-title elementor-size-default\">L\u00c9PJEN KAPCSOLATBA VEL\u00dcNK<\/h4>\t\t\t\t<\/div>\n\t\t\t\t<\/div>\n\t\t\t\t<div class=\"elementor-element elementor-element-8a84576 elementor-button-align-stretch elementor-widget elementor-widget-form\" data-id=\"8a84576\" data-element_type=\"widget\" data-settings=\"{&quot;step_next_label&quot;:&quot;Next&quot;,&quot;step_previous_label&quot;:&quot;Previous&quot;,&quot;button_width&quot;:&quot;100&quot;,&quot;step_type&quot;:&quot;number_text&quot;,&quot;step_icon_shape&quot;:&quot;circle&quot;}\" data-widget_type=\"form.default\">\n\t\t\t\t<div class=\"elementor-widget-container\">\n\t\t\t\t\t\t\t<form class=\"elementor-form\" method=\"post\" name=\"New Form\" aria-label=\"New Form\">\n\t\t\t<input type=\"hidden\" name=\"post_id\" value=\"2916\"\/>\n\t\t\t<input type=\"hidden\" name=\"form_id\" value=\"8a84576\"\/>\n\t\t\t<input type=\"hidden\" name=\"referer_title\" value=\"END-IBO\" \/>\n\n\t\t\t\n\t\t\t<div class=\"elementor-form-fields-wrapper elementor-labels-above\">\n\t\t\t\t\t\t\t\t<div class=\"elementor-field-type-text elementor-field-group elementor-column elementor-field-group-name elementor-col-50\">\n\t\t\t\t\t\t\t\t\t\t\t\t\t<input size=\"1\" type=\"text\" name=\"form_fields[name]\" id=\"form-field-name\" class=\"elementor-field elementor-size-sm  elementor-field-textual\" placeholder=\"N\u00e9v\">\n\t\t\t\t\t\t\t\t\t\t\t<\/div>\n\t\t\t\t\t\t\t\t<div class=\"elementor-field-type-email elementor-field-group elementor-column elementor-field-group-email elementor-col-50 elementor-field-required\">\n\t\t\t\t\t\t\t\t\t\t\t\t\t<input size=\"1\" type=\"email\" name=\"form_fields[email]\" id=\"form-field-email\" class=\"elementor-field elementor-size-sm  elementor-field-textual\" placeholder=\"Email\" required=\"required\">\n\t\t\t\t\t\t\t\t\t\t\t<\/div>\n\t\t\t\t\t\t\t\t<div class=\"elementor-field-type-textarea elementor-field-group elementor-column elementor-field-group-message elementor-col-100\">\n\t\t\t\t\t<textarea class=\"elementor-field-textual elementor-field  elementor-size-sm\" name=\"form_fields[message]\" id=\"form-field-message\" rows=\"4\" placeholder=\"\u00dczenet\"><\/textarea>\t\t\t\t<\/div>\n\t\t\t\t\t\t\t\t<div class=\"elementor-field-type-text\">\n\t\t\t\t\t<input size=\"1\" type=\"text\" name=\"form_fields[field_e6b1af8]\" id=\"form-field-field_e6b1af8\" class=\"elementor-field elementor-size-sm \" style=\"display:none !important;\">\t\t\t\t<\/div>\n\t\t\t\t\t\t\t\t<div class=\"elementor-field-group elementor-column elementor-field-type-submit elementor-col-100 e-form__buttons\">\n\t\t\t\t\t<button class=\"elementor-button elementor-size-sm\" type=\"submit\">\n\t\t\t\t\t\t<span class=\"elementor-button-content-wrapper\">\n\t\t\t\t\t\t\t\t\t\t\t\t\t\t\t\t\t\t\t\t\t\t<span class=\"elementor-button-text\">K\u00fcld\u00e9s<\/span>\n\t\t\t\t\t\t\t\t\t\t\t\t\t<\/span>\n\t\t\t\t\t<\/button>\n\t\t\t\t<\/div>\n\t\t\t<\/div>\n\t\t<\/form>\n\t\t\t\t\t\t<\/div>\n\t\t\t\t<\/div>\n\t\t\t\t\t<\/div>\n\t\t<\/div>\n\t\t\t\t\t<\/div>\n\t\t<\/section>\n\t\t\t\t<section class=\"elementor-section elementor-top-section elementor-element elementor-element-be4304d elementor-section-full_width elementor-section-height-default elementor-section-height-default\" data-id=\"be4304d\" data-element_type=\"section\" data-settings=\"{&quot;_ha_eqh_enable&quot;:false}\">\n\t\t\t\t\t\t<div class=\"elementor-container elementor-column-gap-default\">\n\t\t\t\t\t<div class=\"elementor-column elementor-col-100 elementor-top-column elementor-element elementor-element-c93708f\" data-id=\"c93708f\" data-element_type=\"column\">\n\t\t\t<div class=\"elementor-widget-wrap elementor-element-populated\">\n\t\t\t\t\t\t<div class=\"elementor-element elementor-element-99ba51d elementor-widget elementor-widget-google_maps\" data-id=\"99ba51d\" data-element_type=\"widget\" data-widget_type=\"google_maps.default\">\n\t\t\t\t<div class=\"elementor-widget-container\">\n\t\t\t\t\t\t\t<div class=\"elementor-custom-embed\">\n\t\t\t<iframe loading=\"lazy\"\n\t\t\t\t\tsrc=\"https:\/\/maps.google.com\/maps?q=Str.%20Alszegi%20Nr.%2081%20%20Remetea%20537250%20%20Jud.%20Harghita&#038;t=m&#038;z=10&#038;output=embed&#038;iwloc=near\"\n\t\t\t\t\ttitle=\"Str. Alszegi Nr. 81  Remetea 537250  Jud. Harghita\"\n\t\t\t\t\taria-label=\"Str. Alszegi Nr. 81  Remetea 537250  Jud. Harghita\"\n\t\t\t><\/iframe>\n\t\t<\/div>\n\t\t\t\t\t\t<\/div>\n\t\t\t\t<\/div>\n\t\t\t\t\t<\/div>\n\t\t<\/div>\n\t\t\t\t\t<\/div>\n\t\t<\/section>\n\t\t\t\t<\/div>\n\t\t","protected":false},"excerpt":{"rendered":"<p>Kapcsolatfelv\u00e9tel END-IBO \u00c9DESS\u00c9GEK V\u00c1RNAK R\u00c1D Ha kapcsolatba szeretne l\u00e9pni vel\u00fcnk, vagy csak v\u00e9lem\u00e9ny\u00e9t osztan\u00e1 meg r\u00f3lunk az al\u00e1bbi \u0171rlap seg\u00edts\u00e9g\u00e9vel megteheti. Kapcsolat Email contact@end-ibo.com Telefon +40 266 352 059 C\u00edm Alszegi utca\u00a0 81.sz\u00e1m Remete 537250 Harghita megye Tov\u00e1bbi inform\u00e1ci\u00f3k\u00e9rt L\u00c9PJEN KAPCSOLATBA VEL\u00dcNK<\/p>\n","protected":false},"author":1,"featured_media":3511,"parent":0,"menu_order":0,"comment_status":"closed","ping_status":"closed","template":"","meta":{"site-sidebar-layout":"no-sidebar","site-content-layout":"page-builder","ast-site-content-layout":"default","site-content-style":"default","site-sidebar-style":"default","ast-global-header-display":"","ast-banner-title-visibility":"","ast-main-header-display":"","ast-hfb-above-header-display":"","ast-hfb-below-header-display":"","ast-hfb-mobile-header-display":"","site-post-title":"disabled","ast-breadcrumbs-content":"disabled","ast-featured-img":"disabled","footer-sml-layout":"","ast-disable-related-posts":"","theme-transparent-header-meta":"enabled","adv-header-id-meta":"","stick-header-meta":"","header-above-stick-meta":"","header-main-stick-meta":"","header-below-stick-meta":"","astra-migrate-meta-layouts":"default","ast-page-background-enabled":"default","ast-page-background-meta":{"desktop":{"background-color":"","background-image":"","background-repeat":"repeat","background-position":"center center","background-size":"auto","background-attachment":"scroll","background-type":"","background-media":"","overlay-type":"","overlay-color":"","overlay-opacity":"","overlay-gradient":""},"tablet":{"background-color":"","background-image":"","background-repeat":"repeat","background-position":"center center","background-size":"auto","background-attachment":"scroll","background-type":"","background-media":"","overlay-type":"","overlay-color":"","overlay-opacity":"","overlay-gradient":""},"mobile":{"background-color":"","background-image":"","background-repeat":"repeat","background-position":"center center","background-size":"auto","background-attachment":"scroll","background-type":"","background-media":"","overlay-type":"","overlay-color":"","overlay-opacity":"","overlay-gradient":""}},"ast-content-background-meta":{"desktop":{"background-color":"var(--ast-global-color-5)","background-image":"","background-repeat":"repeat","background-position":"center center","background-size":"auto","background-attachment":"scroll","background-type":"","background-media":"","overlay-type":"","overlay-color":"","overlay-opacity":"","overlay-gradient":""},"tablet":{"background-color":"var(--ast-global-color-5)","background-image":"","background-repeat":"repeat","background-position":"center center","background-size":"auto","background-attachment":"scroll","background-type":"","background-media":"","overlay-type":"","overlay-color":"","overlay-opacity":"","overlay-gradient":""},"mobile":{"background-color":"var(--ast-global-color-5)","background-image":"","background-repeat":"repeat","background-position":"center center","background-size":"auto","background-attachment":"scroll","background-type":"","background-media":"","overlay-type":"","overlay-color":"","overlay-opacity":"","overlay-gradient":""}},"footnotes":""},"class_list":["post-2916","page","type-page","status-publish","has-post-thumbnail","hentry"],"yoast_head":"<!-- This site is optimized with the Yoast SEO plugin v26.7 - https:\/\/yoast.com\/wordpress\/plugins\/seo\/ -->\n<title>Kapcsolat - END-IBO<\/title>\n<meta name=\"description\" content=\"L\u00e9pjen vel\u00fcnk kapcsolatba. Ha b\u00e1rmilyen k\u00e9rd\u00e9se van, k\u00e9rj\u00fck, t\u00f6ltse ki az al\u00e1bbi \u0171rlapot \u00e9s a lehet\u0151 legr\u00f6videbb id\u0151 alatt igyeksz\u00fcnk...\" \/>\n<meta name=\"robots\" content=\"index, follow, max-snippet:-1, max-image-preview:large, max-video-preview:-1\" \/>\n<link rel=\"canonical\" href=\"https:\/\/end-ibo.com\/hu\/kapcsolat\/\" \/>\n<meta property=\"og:locale\" content=\"hu_HU\" \/>\n<meta property=\"og:type\" content=\"article\" \/>\n<meta property=\"og:title\" content=\"Kapcsolat - END-IBO\" \/>\n<meta property=\"og:description\" content=\"L\u00e9pjen vel\u00fcnk kapcsolatba. Ha b\u00e1rmilyen k\u00e9rd\u00e9se van, k\u00e9rj\u00fck, t\u00f6ltse ki az al\u00e1bbi \u0171rlapot \u00e9s a lehet\u0151 legr\u00f6videbb id\u0151 alatt igyeksz\u00fcnk...\" \/>\n<meta property=\"og:url\" content=\"https:\/\/end-ibo.com\/hu\/kapcsolat\/\" \/>\n<meta property=\"og:site_name\" content=\"END-IBO\" \/>\n<meta property=\"article:publisher\" content=\"https:\/\/www.facebook.com\/endibosrl\" \/>\n<meta property=\"article:modified_time\" content=\"2021-11-16T07:25:33+00:00\" \/>\n<meta property=\"og:image\" content=\"https:\/\/end-ibo.com\/wp-content\/uploads\/2021\/08\/SEO-Image.png\" \/>\n\t<meta property=\"og:image:width\" content=\"846\" \/>\n\t<meta property=\"og:image:height\" content=\"441\" \/>\n\t<meta property=\"og:image:type\" content=\"image\/png\" \/>\n<meta name=\"twitter:card\" content=\"summary_large_image\" \/>\n<meta name=\"twitter:label1\" content=\"Becs\u00fclt olvas\u00e1si id\u0151\" \/>\n\t<meta name=\"twitter:data1\" content=\"1 perc\" \/>\n<script type=\"application\/ld+json\" class=\"yoast-schema-graph\">{\"@context\":\"https:\/\/schema.org\",\"@graph\":[{\"@type\":\"WebPage\",\"@id\":\"https:\/\/end-ibo.com\/hu\/kapcsolat\/\",\"url\":\"https:\/\/end-ibo.com\/hu\/kapcsolat\/\",\"name\":\"Kapcsolat - END-IBO\",\"isPartOf\":{\"@id\":\"https:\/\/end-ibo.com\/#website\"},\"primaryImageOfPage\":{\"@id\":\"https:\/\/end-ibo.com\/hu\/kapcsolat\/#primaryimage\"},\"image\":{\"@id\":\"https:\/\/end-ibo.com\/hu\/kapcsolat\/#primaryimage\"},\"thumbnailUrl\":\"https:\/\/end-ibo.com\/wp-content\/uploads\/2021\/08\/SEO-Image.png\",\"datePublished\":\"2021-03-12T05:07:13+00:00\",\"dateModified\":\"2021-11-16T07:25:33+00:00\",\"description\":\"L\u00e9pjen vel\u00fcnk kapcsolatba. Ha b\u00e1rmilyen k\u00e9rd\u00e9se van, k\u00e9rj\u00fck, t\u00f6ltse ki az al\u00e1bbi \u0171rlapot \u00e9s a lehet\u0151 legr\u00f6videbb id\u0151 alatt igyeksz\u00fcnk...\",\"breadcrumb\":{\"@id\":\"https:\/\/end-ibo.com\/hu\/kapcsolat\/#breadcrumb\"},\"inLanguage\":\"hu\",\"potentialAction\":[{\"@type\":\"ReadAction\",\"target\":[\"https:\/\/end-ibo.com\/hu\/kapcsolat\/\"]}]},{\"@type\":\"ImageObject\",\"inLanguage\":\"hu\",\"@id\":\"https:\/\/end-ibo.com\/hu\/kapcsolat\/#primaryimage\",\"url\":\"https:\/\/end-ibo.com\/wp-content\/uploads\/2021\/08\/SEO-Image.png\",\"contentUrl\":\"https:\/\/end-ibo.com\/wp-content\/uploads\/2021\/08\/SEO-Image.png\",\"width\":846,\"height\":441},{\"@type\":\"BreadcrumbList\",\"@id\":\"https:\/\/end-ibo.com\/hu\/kapcsolat\/#breadcrumb\",\"itemListElement\":[{\"@type\":\"ListItem\",\"position\":1,\"name\":\"F\u0151oldal\",\"item\":\"https:\/\/end-ibo.com\/\"},{\"@type\":\"ListItem\",\"position\":2,\"name\":\"Kapcsolat\"}]},{\"@type\":\"WebSite\",\"@id\":\"https:\/\/end-ibo.com\/#website\",\"url\":\"https:\/\/end-ibo.com\/\",\"name\":\"END-IBO\",\"description\":\"H\u00c1ZI \u00c9DESS\u00c9GEK\\n\",\"publisher\":{\"@id\":\"https:\/\/end-ibo.com\/#organization\"},\"potentialAction\":[{\"@type\":\"SearchAction\",\"target\":{\"@type\":\"EntryPoint\",\"urlTemplate\":\"https:\/\/end-ibo.com\/?s={search_term_string}\"},\"query-input\":{\"@type\":\"PropertyValueSpecification\",\"valueRequired\":true,\"valueName\":\"search_term_string\"}}],\"inLanguage\":\"hu\"},{\"@type\":\"Organization\",\"@id\":\"https:\/\/end-ibo.com\/#organization\",\"name\":\"END-IBO\",\"url\":\"https:\/\/end-ibo.com\/\",\"logo\":{\"@type\":\"ImageObject\",\"inLanguage\":\"hu\",\"@id\":\"https:\/\/end-ibo.com\/#\/schema\/logo\/image\/\",\"url\":\"https:\/\/end-ibo.com\/wp-content\/uploads\/2021\/08\/SEO-Image.png\",\"contentUrl\":\"https:\/\/end-ibo.com\/wp-content\/uploads\/2021\/08\/SEO-Image.png\",\"width\":1692,\"height\":882,\"caption\":\"END-IBO\"},\"image\":{\"@id\":\"https:\/\/end-ibo.com\/#\/schema\/logo\/image\/\"},\"sameAs\":[\"https:\/\/www.facebook.com\/endibosrl\",\"https:\/\/www.instagram.com\/endibo_srl\/\"]}]}<\/script>\n<!-- \/ Yoast SEO plugin. -->","yoast_head_json":{"title":"Kapcsolat - END-IBO","description":"L\u00e9pjen vel\u00fcnk kapcsolatba. Ha b\u00e1rmilyen k\u00e9rd\u00e9se van, k\u00e9rj\u00fck, t\u00f6ltse ki az al\u00e1bbi \u0171rlapot \u00e9s a lehet\u0151 legr\u00f6videbb id\u0151 alatt igyeksz\u00fcnk...","robots":{"index":"index","follow":"follow","max-snippet":"max-snippet:-1","max-image-preview":"max-image-preview:large","max-video-preview":"max-video-preview:-1"},"canonical":"https:\/\/end-ibo.com\/hu\/kapcsolat\/","og_locale":"hu_HU","og_type":"article","og_title":"Kapcsolat - END-IBO","og_description":"L\u00e9pjen vel\u00fcnk kapcsolatba. Ha b\u00e1rmilyen k\u00e9rd\u00e9se van, k\u00e9rj\u00fck, t\u00f6ltse ki az al\u00e1bbi \u0171rlapot \u00e9s a lehet\u0151 legr\u00f6videbb id\u0151 alatt igyeksz\u00fcnk...","og_url":"https:\/\/end-ibo.com\/hu\/kapcsolat\/","og_site_name":"END-IBO","article_publisher":"https:\/\/www.facebook.com\/endibosrl","article_modified_time":"2021-11-16T07:25:33+00:00","og_image":[{"width":846,"height":441,"url":"https:\/\/end-ibo.com\/wp-content\/uploads\/2021\/08\/SEO-Image.png","type":"image\/png"}],"twitter_card":"summary_large_image","twitter_misc":{"Becs\u00fclt olvas\u00e1si id\u0151":"1 perc"},"schema":{"@context":"https:\/\/schema.org","@graph":[{"@type":"WebPage","@id":"https:\/\/end-ibo.com\/hu\/kapcsolat\/","url":"https:\/\/end-ibo.com\/hu\/kapcsolat\/","name":"Kapcsolat - END-IBO","isPartOf":{"@id":"https:\/\/end-ibo.com\/#website"},"primaryImageOfPage":{"@id":"https:\/\/end-ibo.com\/hu\/kapcsolat\/#primaryimage"},"image":{"@id":"https:\/\/end-ibo.com\/hu\/kapcsolat\/#primaryimage"},"thumbnailUrl":"https:\/\/end-ibo.com\/wp-content\/uploads\/2021\/08\/SEO-Image.png","datePublished":"2021-03-12T05:07:13+00:00","dateModified":"2021-11-16T07:25:33+00:00","description":"L\u00e9pjen vel\u00fcnk kapcsolatba. Ha b\u00e1rmilyen k\u00e9rd\u00e9se van, k\u00e9rj\u00fck, t\u00f6ltse ki az al\u00e1bbi \u0171rlapot \u00e9s a lehet\u0151 legr\u00f6videbb id\u0151 alatt igyeksz\u00fcnk...","breadcrumb":{"@id":"https:\/\/end-ibo.com\/hu\/kapcsolat\/#breadcrumb"},"inLanguage":"hu","potentialAction":[{"@type":"ReadAction","target":["https:\/\/end-ibo.com\/hu\/kapcsolat\/"]}]},{"@type":"ImageObject","inLanguage":"hu","@id":"https:\/\/end-ibo.com\/hu\/kapcsolat\/#primaryimage","url":"https:\/\/end-ibo.com\/wp-content\/uploads\/2021\/08\/SEO-Image.png","contentUrl":"https:\/\/end-ibo.com\/wp-content\/uploads\/2021\/08\/SEO-Image.png","width":846,"height":441},{"@type":"BreadcrumbList","@id":"https:\/\/end-ibo.com\/hu\/kapcsolat\/#breadcrumb","itemListElement":[{"@type":"ListItem","position":1,"name":"F\u0151oldal","item":"https:\/\/end-ibo.com\/"},{"@type":"ListItem","position":2,"name":"Kapcsolat"}]},{"@type":"WebSite","@id":"https:\/\/end-ibo.com\/#website","url":"https:\/\/end-ibo.com\/","name":"END-IBO","description":"H\u00c1ZI \u00c9DESS\u00c9GEK\n","publisher":{"@id":"https:\/\/end-ibo.com\/#organization"},"potentialAction":[{"@type":"SearchAction","target":{"@type":"EntryPoint","urlTemplate":"https:\/\/end-ibo.com\/?s={search_term_string}"},"query-input":{"@type":"PropertyValueSpecification","valueRequired":true,"valueName":"search_term_string"}}],"inLanguage":"hu"},{"@type":"Organization","@id":"https:\/\/end-ibo.com\/#organization","name":"END-IBO","url":"https:\/\/end-ibo.com\/","logo":{"@type":"ImageObject","inLanguage":"hu","@id":"https:\/\/end-ibo.com\/#\/schema\/logo\/image\/","url":"https:\/\/end-ibo.com\/wp-content\/uploads\/2021\/08\/SEO-Image.png","contentUrl":"https:\/\/end-ibo.com\/wp-content\/uploads\/2021\/08\/SEO-Image.png","width":1692,"height":882,"caption":"END-IBO"},"image":{"@id":"https:\/\/end-ibo.com\/#\/schema\/logo\/image\/"},"sameAs":["https:\/\/www.facebook.com\/endibosrl","https:\/\/www.instagram.com\/endibo_srl\/"]}]}},"_links":{"self":[{"href":"https:\/\/end-ibo.com\/hu\/wp-json\/wp\/v2\/pages\/2916","targetHints":{"allow":["GET"]}}],"collection":[{"href":"https:\/\/end-ibo.com\/hu\/wp-json\/wp\/v2\/pages"}],"about":[{"href":"https:\/\/end-ibo.com\/hu\/wp-json\/wp\/v2\/types\/page"}],"author":[{"embeddable":true,"href":"https:\/\/end-ibo.com\/hu\/wp-json\/wp\/v2\/users\/1"}],"replies":[{"embeddable":true,"href":"https:\/\/end-ibo.com\/hu\/wp-json\/wp\/v2\/comments?post=2916"}],"version-history":[{"count":32,"href":"https:\/\/end-ibo.com\/hu\/wp-json\/wp\/v2\/pages\/2916\/revisions"}],"predecessor-version":[{"id":4492,"href":"https:\/\/end-ibo.com\/hu\/wp-json\/wp\/v2\/pages\/2916\/revisions\/4492"}],"wp:featuredmedia":[{"embeddable":true,"href":"https:\/\/end-ibo.com\/hu\/wp-json\/wp\/v2\/media\/3511"}],"wp:attachment":[{"href":"https:\/\/end-ibo.com\/hu\/wp-json\/wp\/v2\/media?parent=2916"}],"curies":[{"name":"wp","href":"https:\/\/api.w.org\/{rel}","templated":true}]}}