{"id":2939,"date":"2021-07-06T14:18:43","date_gmt":"2021-07-06T11:18:43","guid":{"rendered":"https:\/\/end-ibo.com\/politica-de-confidentialitate\/"},"modified":"2021-09-27T14:51:26","modified_gmt":"2021-09-27T11:51:26","slug":"adatvedelmi-nyilatkozat","status":"publish","type":"page","link":"https:\/\/end-ibo.com\/hu\/adatvedelmi-nyilatkozat\/","title":{"rendered":"Adatv\u00e9delmi Nyilatkozat"},"content":{"rendered":"\t\t<div data-elementor-type=\"wp-page\" data-elementor-id=\"2939\" class=\"elementor elementor-2939 elementor-3\" data-elementor-settings=\"{&quot;ha_cmc_init_switcher&quot;:&quot;no&quot;}\" data-elementor-post-type=\"page\">\n\t\t\t\t\t\t<section class=\"elementor-section elementor-top-section elementor-element elementor-element-e70ec6b elementor-section-height-min-height elementor-section-full_width elementor-section-height-default elementor-section-items-middle\" data-id=\"e70ec6b\" data-element_type=\"section\" data-settings=\"{&quot;background_background&quot;:&quot;classic&quot;,&quot;_ha_eqh_enable&quot;:false}\">\n\t\t\t\t\t\t\t<div class=\"elementor-background-overlay\"><\/div>\n\t\t\t\t\t\t\t<div class=\"elementor-container elementor-column-gap-no\">\n\t\t\t\t\t<div class=\"elementor-column elementor-col-100 elementor-top-column elementor-element elementor-element-7d25d90\" data-id=\"7d25d90\" data-element_type=\"column\">\n\t\t\t<div class=\"elementor-widget-wrap elementor-element-populated\">\n\t\t\t\t\t\t<div class=\"elementor-element elementor-element-9c896a9 elementor-widget elementor-widget-heading\" data-id=\"9c896a9\" data-element_type=\"widget\" data-widget_type=\"heading.default\">\n\t\t\t\t<div class=\"elementor-widget-container\">\n\t\t\t\t\t<h1 class=\"elementor-heading-title elementor-size-default\">ADATV\u00c9DELMI NYILATKOZATi<\/h1>\t\t\t\t<\/div>\n\t\t\t\t<\/div>\n\t\t\t\t<div class=\"elementor-element elementor-element-064aee6 elementor-widget-divider--view-line elementor-widget elementor-widget-divider\" data-id=\"064aee6\" data-element_type=\"widget\" data-widget_type=\"divider.default\">\n\t\t\t\t<div class=\"elementor-widget-container\">\n\t\t\t\t\t\t\t<div class=\"elementor-divider\">\n\t\t\t<span class=\"elementor-divider-separator\">\n\t\t\t\t\t\t<\/span>\n\t\t<\/div>\n\t\t\t\t\t\t<\/div>\n\t\t\t\t<\/div>\n\t\t\t\t\t<\/div>\n\t\t<\/div>\n\t\t\t\t\t<\/div>\n\t\t<\/section>\n\t\t\t\t<section class=\"elementor-section elementor-top-section elementor-element elementor-element-7be243d6 elementor-section-boxed elementor-section-height-default elementor-section-height-default\" data-id=\"7be243d6\" data-element_type=\"section\" data-settings=\"{&quot;_ha_eqh_enable&quot;:false}\">\n\t\t\t\t\t\t<div class=\"elementor-container elementor-column-gap-default\">\n\t\t\t\t\t<div class=\"elementor-column elementor-col-100 elementor-top-column elementor-element elementor-element-16912851\" data-id=\"16912851\" data-element_type=\"column\">\n\t\t\t<div class=\"elementor-widget-wrap elementor-element-populated\">\n\t\t\t\t\t\t<div class=\"elementor-element elementor-element-d9d6bd7 elementor-widget elementor-widget-heading\" data-id=\"d9d6bd7\" data-element_type=\"widget\" data-widget_type=\"heading.default\">\n\t\t\t\t<div class=\"elementor-widget-container\">\n\t\t\t\t\t<h2 class=\"elementor-heading-title elementor-size-default\">ADATV\u00c9DELMI POLITIKA<\/h2>\t\t\t\t<\/div>\n\t\t\t\t<\/div>\n\t\t\t\t<div class=\"elementor-element elementor-element-3502522e elementor-widget elementor-widget-text-editor\" data-id=\"3502522e\" data-element_type=\"widget\" data-widget_type=\"text-editor.default\">\n\t\t\t\t<div class=\"elementor-widget-container\">\n\t\t\t\t\t\t\t\t\t<ul class=\"ul1\">\n<li class=\"li1\"><b>\u2022 \u00c1LTAL\u00c1NOS<\/b><\/li>\n<\/ul>\n<p class=\"p2\">Az adatv\u00e9delmi politika az END-IBO K.F.T. \u00e1ltal m\u0171k\u00f6dtetett weboldalon, a v\u00e1s\u00e1rl\u00f3 \u00e1ltal megadott szem\u00e9lyes adatokat \u00e9rtj\u00fck ami az illet\u0151 nev\u00e9re, lakhely\u00e9re, \u00e9letkor\u00e1ra, telefonsz\u00e1m\u00e1ra stb. vonatkozik, \u00e9s sz\u00fcks\u00e9ges a szerz\u0151d\u00e9ses jogviszony fenntart\u00e1s\u00e1ra.<\/p>\n<p class=\"p2\">Az END-IBO K.F.T. k\u00fcl\u00f6nleges figyelmet szentel a v\u00e1s\u00e1rl\u00f3k szem\u00e9lyes adatainak v\u00e9delm\u00e9re, \u00e9s folyamatos er\u0151fesz\u00edt\u00e9seket tesz a v\u00e9delem hat\u00e9konys\u00e1g\u00e1nak n\u00f6vel\u00e9se \u00e9rdek\u00e9ben, szem el\u0151tt tartva az Eur\u00f3pai Uni\u00f3 illetve Rom\u00e1nia t\u00f6rv\u00e9nykez\u00e9s\u00e9t erre vonatkoz\u00f3an.<\/p>\n<p class=\"p2\">V\u00e1llalatunk fenntartja a jogot az adatv\u00e9delmi politika m\u00f3dos\u00edt\u00e1s\u00e1ra a felhaszn\u00e1l\u00f3 \u00e9rtes\u00edt\u00e9se n\u00e9lk\u00fcl. Ennek \u00e9rdek\u00e9ben javasoljuk, hogy a v\u00e1s\u00e1rl\u00f3k bizonyos id\u0151k\u00f6z\u00f6nk\u00e9nt ellen\u0151rizz\u00e9k az adatv\u00e9delmi politik\u00e1t.<\/p>\n<p class=\"p2\">Amennyiben k\u00e9rd\u00e9se mer\u00fclne fel a szem\u00e9lyes adatok felhaszn\u00e1l\u00e1s\u00e1val kapcsolatosan, k\u00e9rj\u00fck jelezze a k\u00f6vetkez\u0151 e-mail c\u00edmen: contact@end-ibo.com.<\/p>\n<ul class=\"ul1\">\n<li class=\"li1\"><b>ADATV\u00c9DELEM C\u00c9LJA \u00c9S ALAPJA<\/b><\/li>\n<\/ul>\n<ul class=\"ul1\">\n<li style=\"list-style-type: none;\">\n<ul class=\"ul1\">\n<li class=\"li1\">Ezen a weboldalon a szem\u00e9lyes adatok begy\u0171jt\u00e9s\u00e9nek c\u00e9lja a k\u00f6vetkez\u0151:\n<ul class=\"ul1\">\n<li class=\"li1\">A szerz\u0151d\u00e9sben v\u00e1llalt k\u00f6telezetts\u00e9gek betart\u00e1sa a term\u00e9k elad\u00e1s\u00e1ra vonatkoz\u00f3an<\/li>\n<li class=\"li1\">A t\u00f6rv\u00e9ny \u00e1ltal el\u0151\u00edrt k\u00f6telezetts\u00e9gek betart\u00e1sa<\/li>\n<li class=\"li1\">Term\u00e9keink folyamatos fejleszt\u00e9se<\/li>\n<\/ul>\n<\/li>\n<li class=\"li1\">A szem\u00e9lyes adatok begy\u0171jt\u00e9se a v\u00e1s\u00e1rl\u00f3 \u00e1ltal megadott inform\u00e1ci\u00f3k alapj\u00e1n t\u00f6rt\u00e9nik, amely a a szerz\u0151d\u00e9ses jogviszony fenntart\u00e1s\u00e1hoz sz\u00fcks\u00e9ges.<span class=\"Apple-converted-space\">\u00a0<\/span><\/li>\n<li class=\"li1\">V\u00e1llalatunk szem\u00e9lyes adatokat ig\u00e9nyel valah\u00e1nyszor ez elengedhetetlen a weboldal c\u00e9lj\u00e1nak, valamint a fenti c\u00e9lok el\u00e9r\u00e9se szempontj\u00e1b\u00f3l. A szem\u00e9lyes adatokat csak olyan m\u00e9rt\u00e9kben osztjuk meg m\u00e1s szem\u00e9lyekkel, amely elengedhetetlen az ig\u00e9nyelt term\u00e9k elad\u00e1s\u00e1hoz.<\/li>\n<\/ul>\n<\/li>\n<li class=\"li1\"><b>SZEM\u00c9LYES ADATOK T\u00cdPUSAI:<\/b><\/li>\n<\/ul>\n<p class=\"p1\">Szem\u00e9lyes adatok lehetnek a vezet\u00e9kn\u00e9v, keresztn\u00e9v, e-mail c\u00edm, sz\u00e1ll\u00edt\u00e1si c\u00edm, sz\u00e1ml\u00e1z\u00e1si adatok, telefonsz\u00e1m, banksz\u00e1mla adatok stb.<\/p>\n<ul class=\"ul1\">\n<li class=\"li1\"><b>SZEM\u00c9LYES ADATOK T\u00c1ROL\u00c1S\u00c1NAK ID\u0150TARTAMA<\/b><\/li>\n<\/ul>\n<p class=\"p1\">A jelen adatkezel\u00e9s id\u0151tartama megegyezik a szerz\u0151d\u00e9s hat\u00e1ly\u00e1nak id\u0151tartam\u00e1val.<\/p>\n<ul class=\"ul1\">\n<li class=\"li1\"><b>AZ \u00c9RINTETT SZEM\u00c9LYEK JOGAI<\/b><\/li>\n<\/ul>\n<p class=\"p1\">\u00c9rintett szem\u00e9lyk\u00e9nt \u00f6nnek a k\u00f6vetkez\u0151 jogai vannak:<\/p>\n<ul class=\"ul1\">\n<li class=\"li1\">T\u00e1j\u00e9koztat\u00e1st kapni a szem\u00e9lyes adatok v\u00e9delm\u00e9r\u0151l<\/li>\n<li class=\"li1\">Hozzaf\u00e9rni a szem\u00e9lyes adatokhoz<\/li>\n<li class=\"li1\">A szem\u00e9lyes adatok m\u00f3dos\u00edt\u00e1s\u00e1t ig\u00e9nyelni<\/li>\n<li class=\"li1\">A megadott inform\u00e1ci\u00f3k t\u00f6rl\u00e9s\u00e9t k\u00e9rni<\/li>\n<li class=\"li1\">A feldolgoz\u00e1s korl\u00e1toz\u00e1s\u00e1t ig\u00e9nyelni<\/li>\n<li class=\"li1\">Kifog\u00e1st tenni a feldolgoz\u00e1s ellen<\/li>\n<li class=\"li1\">Az adatok \u00e1tvitel\u00e9t k\u00e9rni<\/li>\n<li class=\"li1\">A szem\u00e9lyes adatok megs\u00e9rt\u00e9se eset\u00e9n panaszt tenni<span class=\"Apple-converted-space\">\u00a0<\/span><\/li>\n<\/ul>\n<p class=\"p1\"><b>A szem\u00e9lyes adatok v\u00e9delm\u00e9vel kapcsolatos k\u00e9rd\u00e9sek, \u00e9szrev\u00e9telek vagy panaszok eset\u00e9n k\u00e9rj\u00fck vegye fel vel\u00fcnk a kapcsolatot a k\u00f6vetkez\u0151 e-mail c\u00edmen: contact@end-ibo.com<\/b><\/p>\n\t\t\t\t\t\t\t\t<\/div>\n\t\t\t\t<\/div>\n\t\t\t\t\t<\/div>\n\t\t<\/div>\n\t\t\t\t\t<\/div>\n\t\t<\/section>\n\t\t\t\t<section class=\"elementor-section elementor-top-section elementor-element elementor-element-9f775c8 elementor-section-boxed elementor-section-height-default elementor-section-height-default\" data-id=\"9f775c8\" data-element_type=\"section\" data-settings=\"{&quot;_ha_eqh_enable&quot;:false}\">\n\t\t\t\t\t\t<div class=\"elementor-container elementor-column-gap-default\">\n\t\t\t\t\t<div class=\"elementor-column elementor-col-100 elementor-top-column elementor-element elementor-element-e5341ee\" data-id=\"e5341ee\" data-element_type=\"column\">\n\t\t\t<div class=\"elementor-widget-wrap elementor-element-populated\">\n\t\t\t\t\t\t<div class=\"elementor-element elementor-element-bfa4653 elementor-widget elementor-widget-heading\" data-id=\"bfa4653\" data-element_type=\"widget\" data-widget_type=\"heading.default\">\n\t\t\t\t<div class=\"elementor-widget-container\">\n\t\t\t\t\t<h2 class=\"elementor-heading-title elementor-size-default\">COOKIES (S\u00dcTIK) HASZN\u00c1LATA<\/h2>\t\t\t\t<\/div>\n\t\t\t\t<\/div>\n\t\t\t\t<div class=\"elementor-element elementor-element-6b05a02 elementor-widget elementor-widget-text-editor\" data-id=\"6b05a02\" data-element_type=\"widget\" data-widget_type=\"text-editor.default\">\n\t\t\t\t<div class=\"elementor-widget-container\">\n\t\t\t\t\t\t\t\t\t<p class=\"p1\"><b>\u00c1LTAL\u00c1NOSS\u00c1GOK<\/b><\/p>\n<p class=\"p1\">A cookie-k olyan kism\u00e9ret\u0171 sz\u00f6vegf\u00e1jlok, melyeket a webhely t\u00e1rol el az oldalt l\u00e1togat\u00f3 felhaszn\u00e1l\u00f3 eszk\u00f6z\u00e9re, \u00e9s inform\u00e1ci\u00f3t szolg\u00e1ltat a l\u00e1togat\u00f3 tev\u00e9kenys\u00e9g\u00e9vel kapcsolatosan. N\u00e9mely f\u00e1jlok ideiglenesek, \u00e9s a b\u00f6ng\u00e9sz\u0151 bez\u00e1r\u00e1s\u00e1val megsz\u0171nnek, m\u00e1sok t\u00f6bb ideig akt\u00edvak maradnak.<\/p>\n<p class=\"p1\"><b>C\u00c9L<\/b><\/p>\n<p class=\"p1\">Az END-IBO K.F.T. a s\u00fctiket arra haszn\u00e1lja, hogy \u00e1ltaluk a l\u00e1togat\u00f3nak min\u0151s\u00e9gibb navig\u00e1l\u00e1st biztos\u00edtson, \u00e9s \u00edgy az ig\u00e9nyeiknek megfelel\u0151 navig\u00e1l\u00e1st biztos\u00edtson minden l\u00e1togat\u00f3nak. Ugyanakkor, a s\u00fctiknek k\u00f6sz\u00f6nhet\u0151en n\u00e9vtelen statisztika \u00e1ll rendelkez\u00e9s\u00fcnkre a weboldalunkat l\u00e1togat\u00f3k tev\u00e9kenys\u00e9g\u00e9re vonatkoz\u00f3an.<\/p>\n<p class=\"p1\"><b>HASZN\u00c1LAT<\/b><\/p>\n<p class=\"p1\">A weboldalunk legels\u0151 felkeres\u00e9se alkalm\u00e1val kiv\u00e1laszthat\u00f3, melyik t\u00edpus\u00fa s\u00fctit fogadjuk el.<span class=\"Apple-converted-space\">\u00a0<\/span><\/p>\n<p class=\"p1\">A felhaszn\u00e1l\u00f3 b\u00e1rmikor m\u00f3dos\u00edthat a d\u00f6nt\u00e9s\u00e9n, \u00e9s kikapcsolhatja illetve aktiv\u00e1lhatja a s\u00fctiket. Fontos megjegyezni, hogy n\u00e9mely m\u0171k\u00f6d\u00e9si s\u00fcti nem kapcsolhat\u00f3 ki, illetve a kikapcsol\u00e1sa eset\u00e9n navig\u00e1l\u00e1si probl\u00e9m\u00e1k jelentkezhetnek.<\/p>\n<p class=\"p1\">A s\u00fctikre vonatkoz\u00f3 be\u00e1ll\u00edt\u00e1sok itt tal\u00e1lhat\u00f3ak:<\/p>\n\t\t\t\t\t\t\t\t<\/div>\n\t\t\t\t<\/div>\n\t\t\t\t\t<\/div>\n\t\t<\/div>\n\t\t\t\t\t<\/div>\n\t\t<\/section>\n\t\t\t\t<\/div>\n\t\t","protected":false},"excerpt":{"rendered":"<p>ADATV\u00c9DELMI NYILATKOZATi ADATV\u00c9DELMI POLITIKA \u2022 \u00c1LTAL\u00c1NOS Az adatv\u00e9delmi politika az END-IBO K.F.T. \u00e1ltal m\u0171k\u00f6dtetett weboldalon, a v\u00e1s\u00e1rl\u00f3 \u00e1ltal megadott szem\u00e9lyes adatokat \u00e9rtj\u00fck ami az illet\u0151 nev\u00e9re, lakhely\u00e9re, \u00e9letkor\u00e1ra, telefonsz\u00e1m\u00e1ra stb. vonatkozik, \u00e9s sz\u00fcks\u00e9ges a szerz\u0151d\u00e9ses jogviszony fenntart\u00e1s\u00e1ra. Az END-IBO K.F.T. k\u00fcl\u00f6nleges figyelmet szentel a v\u00e1s\u00e1rl\u00f3k szem\u00e9lyes adatainak v\u00e9delm\u00e9re, \u00e9s folyamatos er\u0151fesz\u00edt\u00e9seket tesz a v\u00e9delem hat\u00e9konys\u00e1g\u00e1nak [&hellip;]<\/p>\n","protected":false},"author":1,"featured_media":3511,"parent":0,"menu_order":0,"comment_status":"closed","ping_status":"closed","template":"elementor_header_footer","meta":{"site-sidebar-layout":"default","site-content-layout":"page-builder","ast-site-content-layout":"default","site-content-style":"default","site-sidebar-style":"default","ast-global-header-display":"","ast-banner-title-visibility":"","ast-main-header-display":"","ast-hfb-above-header-display":"","ast-hfb-below-header-display":"","ast-hfb-mobile-header-display":"","site-post-title":"","ast-breadcrumbs-content":"","ast-featured-img":"","footer-sml-layout":"","ast-disable-related-posts":"","theme-transparent-header-meta":"default","adv-header-id-meta":"","stick-header-meta":"","header-above-stick-meta":"","header-main-stick-meta":"","header-below-stick-meta":"","astra-migrate-meta-layouts":"default","ast-page-background-enabled":"default","ast-page-background-meta":{"desktop":{"background-color":"","background-image":"","background-repeat":"repeat","background-position":"center center","background-size":"auto","background-attachment":"scroll","background-type":"","background-media":"","overlay-type":"","overlay-color":"","overlay-opacity":"","overlay-gradient":""},"tablet":{"background-color":"","background-image":"","background-repeat":"repeat","background-position":"center center","background-size":"auto","background-attachment":"scroll","background-type":"","background-media":"","overlay-type":"","overlay-color":"","overlay-opacity":"","overlay-gradient":""},"mobile":{"background-color":"","background-image":"","background-repeat":"repeat","background-position":"center center","background-size":"auto","background-attachment":"scroll","background-type":"","background-media":"","overlay-type":"","overlay-color":"","overlay-opacity":"","overlay-gradient":""}},"ast-content-background-meta":{"desktop":{"background-color":"var(--ast-global-color-5)","background-image":"","background-repeat":"repeat","background-position":"center center","background-size":"auto","background-attachment":"scroll","background-type":"","background-media":"","overlay-type":"","overlay-color":"","overlay-opacity":"","overlay-gradient":""},"tablet":{"background-color":"var(--ast-global-color-5)","background-image":"","background-repeat":"repeat","background-position":"center center","background-size":"auto","background-attachment":"scroll","background-type":"","background-media":"","overlay-type":"","overlay-color":"","overlay-opacity":"","overlay-gradient":""},"mobile":{"background-color":"var(--ast-global-color-5)","background-image":"","background-repeat":"repeat","background-position":"center center","background-size":"auto","background-attachment":"scroll","background-type":"","background-media":"","overlay-type":"","overlay-color":"","overlay-opacity":"","overlay-gradient":""}},"footnotes":""},"class_list":["post-2939","page","type-page","status-publish","has-post-thumbnail","hentry"],"yoast_head":"<!-- This site is optimized with the Yoast SEO plugin v26.7 - https:\/\/yoast.com\/wordpress\/plugins\/seo\/ -->\n<title>Adatv\u00e9delmi Nyilatkozat - END-IBO<\/title>\n<meta name=\"robots\" content=\"index, follow, max-snippet:-1, max-image-preview:large, max-video-preview:-1\" \/>\n<link rel=\"canonical\" href=\"https:\/\/end-ibo.com\/hu\/adatvedelmi-nyilatkozat\/\" \/>\n<meta property=\"og:locale\" content=\"hu_HU\" \/>\n<meta property=\"og:type\" content=\"article\" \/>\n<meta property=\"og:title\" content=\"Adatv\u00e9delmi Nyilatkozat - END-IBO\" \/>\n<meta property=\"og:description\" content=\"ADATV\u00c9DELMI NYILATKOZATi ADATV\u00c9DELMI POLITIKA \u2022 \u00c1LTAL\u00c1NOS Az adatv\u00e9delmi politika az END-IBO K.F.T. \u00e1ltal m\u0171k\u00f6dtetett weboldalon, a v\u00e1s\u00e1rl\u00f3 \u00e1ltal megadott szem\u00e9lyes adatokat \u00e9rtj\u00fck ami az illet\u0151 nev\u00e9re, lakhely\u00e9re, \u00e9letkor\u00e1ra, telefonsz\u00e1m\u00e1ra stb. vonatkozik, \u00e9s sz\u00fcks\u00e9ges a szerz\u0151d\u00e9ses jogviszony fenntart\u00e1s\u00e1ra. Az END-IBO K.F.T. k\u00fcl\u00f6nleges figyelmet szentel a v\u00e1s\u00e1rl\u00f3k szem\u00e9lyes adatainak v\u00e9delm\u00e9re, \u00e9s folyamatos er\u0151fesz\u00edt\u00e9seket tesz a v\u00e9delem hat\u00e9konys\u00e1g\u00e1nak [&hellip;]\" \/>\n<meta property=\"og:url\" content=\"https:\/\/end-ibo.com\/hu\/adatvedelmi-nyilatkozat\/\" \/>\n<meta property=\"og:site_name\" content=\"END-IBO\" \/>\n<meta property=\"article:publisher\" content=\"https:\/\/www.facebook.com\/endibosrl\" \/>\n<meta property=\"article:modified_time\" content=\"2021-09-27T11:51:26+00:00\" \/>\n<meta property=\"og:image\" content=\"https:\/\/end-ibo.com\/wp-content\/uploads\/2021\/08\/SEO-Image.png\" \/>\n\t<meta property=\"og:image:width\" content=\"846\" \/>\n\t<meta property=\"og:image:height\" content=\"441\" \/>\n\t<meta property=\"og:image:type\" content=\"image\/png\" \/>\n<meta name=\"twitter:card\" content=\"summary_large_image\" \/>\n<meta name=\"twitter:label1\" content=\"Becs\u00fclt olvas\u00e1si id\u0151\" \/>\n\t<meta name=\"twitter:data1\" content=\"2 perc\" \/>\n<script type=\"application\/ld+json\" class=\"yoast-schema-graph\">{\"@context\":\"https:\/\/schema.org\",\"@graph\":[{\"@type\":\"WebPage\",\"@id\":\"https:\/\/end-ibo.com\/hu\/adatvedelmi-nyilatkozat\/\",\"url\":\"https:\/\/end-ibo.com\/hu\/adatvedelmi-nyilatkozat\/\",\"name\":\"Adatv\u00e9delmi Nyilatkozat - END-IBO\",\"isPartOf\":{\"@id\":\"https:\/\/end-ibo.com\/#website\"},\"primaryImageOfPage\":{\"@id\":\"https:\/\/end-ibo.com\/hu\/adatvedelmi-nyilatkozat\/#primaryimage\"},\"image\":{\"@id\":\"https:\/\/end-ibo.com\/hu\/adatvedelmi-nyilatkozat\/#primaryimage\"},\"thumbnailUrl\":\"https:\/\/end-ibo.com\/wp-content\/uploads\/2021\/08\/SEO-Image.png\",\"datePublished\":\"2021-07-06T11:18:43+00:00\",\"dateModified\":\"2021-09-27T11:51:26+00:00\",\"breadcrumb\":{\"@id\":\"https:\/\/end-ibo.com\/hu\/adatvedelmi-nyilatkozat\/#breadcrumb\"},\"inLanguage\":\"hu\",\"potentialAction\":[{\"@type\":\"ReadAction\",\"target\":[\"https:\/\/end-ibo.com\/hu\/adatvedelmi-nyilatkozat\/\"]}]},{\"@type\":\"ImageObject\",\"inLanguage\":\"hu\",\"@id\":\"https:\/\/end-ibo.com\/hu\/adatvedelmi-nyilatkozat\/#primaryimage\",\"url\":\"https:\/\/end-ibo.com\/wp-content\/uploads\/2021\/08\/SEO-Image.png\",\"contentUrl\":\"https:\/\/end-ibo.com\/wp-content\/uploads\/2021\/08\/SEO-Image.png\",\"width\":846,\"height\":441},{\"@type\":\"BreadcrumbList\",\"@id\":\"https:\/\/end-ibo.com\/hu\/adatvedelmi-nyilatkozat\/#breadcrumb\",\"itemListElement\":[{\"@type\":\"ListItem\",\"position\":1,\"name\":\"F\u0151oldal\",\"item\":\"https:\/\/end-ibo.com\/\"},{\"@type\":\"ListItem\",\"position\":2,\"name\":\"Adatv\u00e9delmi Nyilatkozat\"}]},{\"@type\":\"WebSite\",\"@id\":\"https:\/\/end-ibo.com\/#website\",\"url\":\"https:\/\/end-ibo.com\/\",\"name\":\"END-IBO\",\"description\":\"H\u00c1ZI \u00c9DESS\u00c9GEK\\n\",\"publisher\":{\"@id\":\"https:\/\/end-ibo.com\/#organization\"},\"potentialAction\":[{\"@type\":\"SearchAction\",\"target\":{\"@type\":\"EntryPoint\",\"urlTemplate\":\"https:\/\/end-ibo.com\/?s={search_term_string}\"},\"query-input\":{\"@type\":\"PropertyValueSpecification\",\"valueRequired\":true,\"valueName\":\"search_term_string\"}}],\"inLanguage\":\"hu\"},{\"@type\":\"Organization\",\"@id\":\"https:\/\/end-ibo.com\/#organization\",\"name\":\"END-IBO\",\"url\":\"https:\/\/end-ibo.com\/\",\"logo\":{\"@type\":\"ImageObject\",\"inLanguage\":\"hu\",\"@id\":\"https:\/\/end-ibo.com\/#\/schema\/logo\/image\/\",\"url\":\"https:\/\/end-ibo.com\/wp-content\/uploads\/2021\/08\/SEO-Image.png\",\"contentUrl\":\"https:\/\/end-ibo.com\/wp-content\/uploads\/2021\/08\/SEO-Image.png\",\"width\":1692,\"height\":882,\"caption\":\"END-IBO\"},\"image\":{\"@id\":\"https:\/\/end-ibo.com\/#\/schema\/logo\/image\/\"},\"sameAs\":[\"https:\/\/www.facebook.com\/endibosrl\",\"https:\/\/www.instagram.com\/endibo_srl\/\"]}]}<\/script>\n<!-- \/ Yoast SEO plugin. -->","yoast_head_json":{"title":"Adatv\u00e9delmi Nyilatkozat - END-IBO","robots":{"index":"index","follow":"follow","max-snippet":"max-snippet:-1","max-image-preview":"max-image-preview:large","max-video-preview":"max-video-preview:-1"},"canonical":"https:\/\/end-ibo.com\/hu\/adatvedelmi-nyilatkozat\/","og_locale":"hu_HU","og_type":"article","og_title":"Adatv\u00e9delmi Nyilatkozat - END-IBO","og_description":"ADATV\u00c9DELMI NYILATKOZATi ADATV\u00c9DELMI POLITIKA \u2022 \u00c1LTAL\u00c1NOS Az adatv\u00e9delmi politika az END-IBO K.F.T. \u00e1ltal m\u0171k\u00f6dtetett weboldalon, a v\u00e1s\u00e1rl\u00f3 \u00e1ltal megadott szem\u00e9lyes adatokat \u00e9rtj\u00fck ami az illet\u0151 nev\u00e9re, lakhely\u00e9re, \u00e9letkor\u00e1ra, telefonsz\u00e1m\u00e1ra stb. vonatkozik, \u00e9s sz\u00fcks\u00e9ges a szerz\u0151d\u00e9ses jogviszony fenntart\u00e1s\u00e1ra. Az END-IBO K.F.T. k\u00fcl\u00f6nleges figyelmet szentel a v\u00e1s\u00e1rl\u00f3k szem\u00e9lyes adatainak v\u00e9delm\u00e9re, \u00e9s folyamatos er\u0151fesz\u00edt\u00e9seket tesz a v\u00e9delem hat\u00e9konys\u00e1g\u00e1nak [&hellip;]","og_url":"https:\/\/end-ibo.com\/hu\/adatvedelmi-nyilatkozat\/","og_site_name":"END-IBO","article_publisher":"https:\/\/www.facebook.com\/endibosrl","article_modified_time":"2021-09-27T11:51:26+00:00","og_image":[{"width":846,"height":441,"url":"https:\/\/end-ibo.com\/wp-content\/uploads\/2021\/08\/SEO-Image.png","type":"image\/png"}],"twitter_card":"summary_large_image","twitter_misc":{"Becs\u00fclt olvas\u00e1si id\u0151":"2 perc"},"schema":{"@context":"https:\/\/schema.org","@graph":[{"@type":"WebPage","@id":"https:\/\/end-ibo.com\/hu\/adatvedelmi-nyilatkozat\/","url":"https:\/\/end-ibo.com\/hu\/adatvedelmi-nyilatkozat\/","name":"Adatv\u00e9delmi Nyilatkozat - END-IBO","isPartOf":{"@id":"https:\/\/end-ibo.com\/#website"},"primaryImageOfPage":{"@id":"https:\/\/end-ibo.com\/hu\/adatvedelmi-nyilatkozat\/#primaryimage"},"image":{"@id":"https:\/\/end-ibo.com\/hu\/adatvedelmi-nyilatkozat\/#primaryimage"},"thumbnailUrl":"https:\/\/end-ibo.com\/wp-content\/uploads\/2021\/08\/SEO-Image.png","datePublished":"2021-07-06T11:18:43+00:00","dateModified":"2021-09-27T11:51:26+00:00","breadcrumb":{"@id":"https:\/\/end-ibo.com\/hu\/adatvedelmi-nyilatkozat\/#breadcrumb"},"inLanguage":"hu","potentialAction":[{"@type":"ReadAction","target":["https:\/\/end-ibo.com\/hu\/adatvedelmi-nyilatkozat\/"]}]},{"@type":"ImageObject","inLanguage":"hu","@id":"https:\/\/end-ibo.com\/hu\/adatvedelmi-nyilatkozat\/#primaryimage","url":"https:\/\/end-ibo.com\/wp-content\/uploads\/2021\/08\/SEO-Image.png","contentUrl":"https:\/\/end-ibo.com\/wp-content\/uploads\/2021\/08\/SEO-Image.png","width":846,"height":441},{"@type":"BreadcrumbList","@id":"https:\/\/end-ibo.com\/hu\/adatvedelmi-nyilatkozat\/#breadcrumb","itemListElement":[{"@type":"ListItem","position":1,"name":"F\u0151oldal","item":"https:\/\/end-ibo.com\/"},{"@type":"ListItem","position":2,"name":"Adatv\u00e9delmi Nyilatkozat"}]},{"@type":"WebSite","@id":"https:\/\/end-ibo.com\/#website","url":"https:\/\/end-ibo.com\/","name":"END-IBO","description":"H\u00c1ZI \u00c9DESS\u00c9GEK\n","publisher":{"@id":"https:\/\/end-ibo.com\/#organization"},"potentialAction":[{"@type":"SearchAction","target":{"@type":"EntryPoint","urlTemplate":"https:\/\/end-ibo.com\/?s={search_term_string}"},"query-input":{"@type":"PropertyValueSpecification","valueRequired":true,"valueName":"search_term_string"}}],"inLanguage":"hu"},{"@type":"Organization","@id":"https:\/\/end-ibo.com\/#organization","name":"END-IBO","url":"https:\/\/end-ibo.com\/","logo":{"@type":"ImageObject","inLanguage":"hu","@id":"https:\/\/end-ibo.com\/#\/schema\/logo\/image\/","url":"https:\/\/end-ibo.com\/wp-content\/uploads\/2021\/08\/SEO-Image.png","contentUrl":"https:\/\/end-ibo.com\/wp-content\/uploads\/2021\/08\/SEO-Image.png","width":1692,"height":882,"caption":"END-IBO"},"image":{"@id":"https:\/\/end-ibo.com\/#\/schema\/logo\/image\/"},"sameAs":["https:\/\/www.facebook.com\/endibosrl","https:\/\/www.instagram.com\/endibo_srl\/"]}]}},"_links":{"self":[{"href":"https:\/\/end-ibo.com\/hu\/wp-json\/wp\/v2\/pages\/2939","targetHints":{"allow":["GET"]}}],"collection":[{"href":"https:\/\/end-ibo.com\/hu\/wp-json\/wp\/v2\/pages"}],"about":[{"href":"https:\/\/end-ibo.com\/hu\/wp-json\/wp\/v2\/types\/page"}],"author":[{"embeddable":true,"href":"https:\/\/end-ibo.com\/hu\/wp-json\/wp\/v2\/users\/1"}],"replies":[{"embeddable":true,"href":"https:\/\/end-ibo.com\/hu\/wp-json\/wp\/v2\/comments?post=2939"}],"version-history":[{"count":6,"href":"https:\/\/end-ibo.com\/hu\/wp-json\/wp\/v2\/pages\/2939\/revisions"}],"predecessor-version":[{"id":3979,"href":"https:\/\/end-ibo.com\/hu\/wp-json\/wp\/v2\/pages\/2939\/revisions\/3979"}],"wp:featuredmedia":[{"embeddable":true,"href":"https:\/\/end-ibo.com\/hu\/wp-json\/wp\/v2\/media\/3511"}],"wp:attachment":[{"href":"https:\/\/end-ibo.com\/hu\/wp-json\/wp\/v2\/media?parent=2939"}],"curies":[{"name":"wp","href":"https:\/\/api.w.org\/{rel}","templated":true}]}}