{"id":3366,"date":"2021-08-23T10:49:57","date_gmt":"2021-08-23T07:49:57","guid":{"rendered":"https:\/\/end-ibo.com\/fizetesi-modok-es-szallitas\/"},"modified":"2024-12-10T17:53:31","modified_gmt":"2024-12-10T14:53:31","slug":"fizetesi-modok-es-szallitas","status":"publish","type":"page","link":"https:\/\/end-ibo.com\/hu\/fizetesi-modok-es-szallitas\/","title":{"rendered":"FIZET\u00c9SI M\u00d3DOK \u00c9S SZ\u00c1LL\u00cdT\u00c1S"},"content":{"rendered":"\t\t<div data-elementor-type=\"wp-page\" data-elementor-id=\"3366\" class=\"elementor elementor-3366 elementor-3351\" data-elementor-settings=\"{&quot;ha_cmc_init_switcher&quot;:&quot;no&quot;}\" data-elementor-post-type=\"page\">\n\t\t\t\t\t\t<section class=\"elementor-section elementor-top-section elementor-element elementor-element-3895d8c elementor-section-height-min-height elementor-section-full_width elementor-section-height-default elementor-section-items-middle\" data-id=\"3895d8c\" data-element_type=\"section\" data-settings=\"{&quot;background_background&quot;:&quot;classic&quot;,&quot;_ha_eqh_enable&quot;:false}\">\n\t\t\t\t\t\t\t<div class=\"elementor-background-overlay\"><\/div>\n\t\t\t\t\t\t\t<div class=\"elementor-container elementor-column-gap-no\">\n\t\t\t\t\t<div class=\"elementor-column elementor-col-100 elementor-top-column elementor-element elementor-element-fcb47f0\" data-id=\"fcb47f0\" data-element_type=\"column\">\n\t\t\t<div class=\"elementor-widget-wrap elementor-element-populated\">\n\t\t\t\t\t\t<div class=\"elementor-element elementor-element-9d1ec2b elementor-widget elementor-widget-heading\" data-id=\"9d1ec2b\" data-element_type=\"widget\" data-widget_type=\"heading.default\">\n\t\t\t\t<div class=\"elementor-widget-container\">\n\t\t\t\t\t<h1 class=\"elementor-heading-title elementor-size-default\">\u00c1RAK, FIZET\u00c9SI M\u00d3DOK \u00c9S SZ\u00c1LL\u00cdT\u00c1S<\/h1>\t\t\t\t<\/div>\n\t\t\t\t<\/div>\n\t\t\t\t<div class=\"elementor-element elementor-element-26129e8 elementor-widget-divider--view-line elementor-widget elementor-widget-divider\" data-id=\"26129e8\" data-element_type=\"widget\" data-widget_type=\"divider.default\">\n\t\t\t\t<div class=\"elementor-widget-container\">\n\t\t\t\t\t\t\t<div class=\"elementor-divider\">\n\t\t\t<span class=\"elementor-divider-separator\">\n\t\t\t\t\t\t<\/span>\n\t\t<\/div>\n\t\t\t\t\t\t<\/div>\n\t\t\t\t<\/div>\n\t\t\t\t\t<\/div>\n\t\t<\/div>\n\t\t\t\t\t<\/div>\n\t\t<\/section>\n\t\t\t\t<section class=\"elementor-section elementor-top-section elementor-element elementor-element-92dd2a5 elementor-section-boxed elementor-section-height-default elementor-section-height-default\" data-id=\"92dd2a5\" data-element_type=\"section\" data-settings=\"{&quot;_ha_eqh_enable&quot;:false}\">\n\t\t\t\t\t\t<div class=\"elementor-container elementor-column-gap-default\">\n\t\t\t\t\t<div class=\"elementor-column elementor-col-100 elementor-top-column elementor-element elementor-element-06e4385\" data-id=\"06e4385\" data-element_type=\"column\">\n\t\t\t<div class=\"elementor-widget-wrap elementor-element-populated\">\n\t\t\t\t\t\t<div class=\"elementor-element elementor-element-932019d elementor-widget elementor-widget-text-editor\" data-id=\"932019d\" data-element_type=\"widget\" data-widget_type=\"text-editor.default\">\n\t\t\t\t<div class=\"elementor-widget-container\">\n\t\t\t\t\t\t\t\t\t<ul><li><b>\u00c1R<br \/><\/b><span style=\"font-weight: 400;\">Az \u00e1r minden term\u00e9k eset\u00e9n fel van t\u0171ntetve, \u00e9s tartalmazza az \u00c1F\u00c1-t.<br \/><\/span><span style=\"font-weight: 400;\">\u00c9rv\u00e9nyes \u00e1rnak min\u0151s\u00fcl az az \u00e1r, ami a megrendel\u00e9s id\u0151pontj\u00e1ban a term\u00e9k\u00a0alatt\u00a0jelenik meg.<br \/><\/span><span style=\"font-weight: 400;\">Minden megrendel\u00e9s eset\u00e9n az END-IBO K.F.T. sz\u00e1ml\u00e1t bocs\u00e1t ki a v\u00e1s\u00e1rl\u00f3 \u00e1ltal megadott szem\u00e9lyes adatok alapj\u00e1n.\u00a0<\/span><\/li><li><b>FIZET\u00c9SI M\u00d3D<br \/><\/b><span style=\"font-weight: 400;\">A v\u00e1s\u00e1rl\u00f3 online fizet\u00e9s \u00e9s ut\u00e1nv\u00e9teles (fut\u00e1rn\u00e1l, \u00e1tv\u00e9telkor, k\u00e9szp\u00e9nzzel) fizet\u00e9s k\u00f6z\u00f6tt v\u00e1laszthat.<br \/><\/span><span style=\"font-weight: 400;\">Ut\u00e1nv\u00e9t eset\u00e9n a fizet\u00e9s pillanata megegyezik a fut\u00e1rc\u00e9g sz\u00e1m\u00e1ra t\u00f6rt\u00e9n\u0151 fizet\u00e9s pillanat\u00e1val.\u00a0Ebben az esetben a fut\u00e1rc\u00e9g k\u00fcl\u00f6n d\u00edjat sz\u00e1molhat fel.\u00a0<\/span><\/li><li><b>SZ\u00c1LL\u00cdT\u00c1S<br \/><\/b><span style=\"font-weight: 400;\">Egy rendel\u00e9s akkor \u00e9rv\u00e9nyes, ha minimum 50 lej \u00e9rt\u00e9k\u0171.\u00a0<br \/><\/span><span style=\"font-weight: 400;\">A sz\u00e1ll\u00edt\u00e1s fut\u00e1rc\u00e9gen kereszt\u00fcl t\u00f6rt\u00e9nik a v\u00e1s\u00e1rl\u00f3 \u00e1ltal megadott c\u00edm alapj\u00e1n.<br \/><\/span><span style=\"font-weight: 400;\">A kisz\u00e1ll\u00edt\u00e1s Rom\u00e1nia ter\u00fclet\u00e9n t\u00f6rt\u00e9nik.<br \/><\/span><span style=\"font-weight: 400;\">A sz\u00e1ll\u00edt\u00e1s a megrendel\u00e9s visszaigazol\u00e1s\u00e1t\u00f3l sz\u00e1m\u00edtott 1-5 munkanapon bel\u00fcl v\u00e1rhat\u00f3.\u00a0<\/span><\/li><li><b>SZ\u00c1LL\u00cdT\u00c1SI K\u00d6LTS\u00c9GEK<br \/><\/b><span style=\"font-weight: 400;\">Az alap sz\u00e1ll\u00edt\u00e1si k\u00f6lts\u00e9g 30 lej.<br \/><\/span><span style=\"font-weight: 400;\">A 250 lej f\u00f6l\u00f6tti v\u00e1s\u00e1rl\u00e1sok eset\u00e9n a sz\u00e1ll\u00edt\u00e1s ingyenes, abban az esetben, ha a csomag s\u00falya nem haladja meg a 10 kg-ot.\u00a0<br \/><\/span><span style=\"font-weight: 400;\">A 10-20 kg k\u00f6z\u00f6tti csomagok eset\u00e9ben a sz\u00e1ll\u00edt\u00e1si d\u00edj 40 lej.<br \/><\/span><span style=\"font-weight: 400;\">A 20-30 kg k\u00f6z\u00f6tti csomagok eset\u00e9n a sz\u00e1ll\u00edt\u00e1si d\u00edj 80 lej.\u00a0<br \/><\/span><span style=\"font-weight: 400;\">A 30-50 kg k\u00f6z\u00f6tti csomagok eset\u00e9n a sz\u00e1ll\u00edt\u00e1si d\u00edj 150 lej.<br \/><\/span><span style=\"font-weight: 400;\">Az 50 kg-ot meghalad\u00f3 csomagok sz\u00e1ll\u00edt\u00e1si d\u00edja 250 lej. \u00a0<\/span><\/li><\/ul>\t\t\t\t\t\t\t\t<\/div>\n\t\t\t\t<\/div>\n\t\t\t\t\t<\/div>\n\t\t<\/div>\n\t\t\t\t\t<\/div>\n\t\t<\/section>\n\t\t\t\t<\/div>\n\t\t","protected":false},"excerpt":{"rendered":"<p>\u00c1RAK, FIZET\u00c9SI M\u00d3DOK \u00c9S SZ\u00c1LL\u00cdT\u00c1S \u00c1RAz \u00e1r minden term\u00e9k eset\u00e9n fel van t\u0171ntetve, \u00e9s tartalmazza az \u00c1F\u00c1-t.\u00c9rv\u00e9nyes \u00e1rnak min\u0151s\u00fcl az az \u00e1r, ami a megrendel\u00e9s id\u0151pontj\u00e1ban a term\u00e9k\u00a0alatt\u00a0jelenik meg.Minden megrendel\u00e9s eset\u00e9n az END-IBO K.F.T. sz\u00e1ml\u00e1t bocs\u00e1t ki a v\u00e1s\u00e1rl\u00f3 \u00e1ltal megadott szem\u00e9lyes adatok alapj\u00e1n.\u00a0 FIZET\u00c9SI M\u00d3DA v\u00e1s\u00e1rl\u00f3 online fizet\u00e9s \u00e9s ut\u00e1nv\u00e9teles (fut\u00e1rn\u00e1l, \u00e1tv\u00e9telkor, k\u00e9szp\u00e9nzzel) fizet\u00e9s [&hellip;]<\/p>\n","protected":false},"author":1,"featured_media":3511,"parent":0,"menu_order":0,"comment_status":"closed","ping_status":"closed","template":"","meta":{"site-sidebar-layout":"no-sidebar","site-content-layout":"page-builder","ast-site-content-layout":"default","site-content-style":"default","site-sidebar-style":"default","ast-global-header-display":"","ast-banner-title-visibility":"","ast-main-header-display":"","ast-hfb-above-header-display":"","ast-hfb-below-header-display":"","ast-hfb-mobile-header-display":"","site-post-title":"disabled","ast-breadcrumbs-content":"","ast-featured-img":"disabled","footer-sml-layout":"","ast-disable-related-posts":"","theme-transparent-header-meta":"default","adv-header-id-meta":"","stick-header-meta":"","header-above-stick-meta":"","header-main-stick-meta":"","header-below-stick-meta":"","astra-migrate-meta-layouts":"default","ast-page-background-enabled":"default","ast-page-background-meta":{"desktop":{"background-color":"","background-image":"","background-repeat":"repeat","background-position":"center center","background-size":"auto","background-attachment":"scroll","background-type":"","background-media":"","overlay-type":"","overlay-color":"","overlay-opacity":"","overlay-gradient":""},"tablet":{"background-color":"","background-image":"","background-repeat":"repeat","background-position":"center center","background-size":"auto","background-attachment":"scroll","background-type":"","background-media":"","overlay-type":"","overlay-color":"","overlay-opacity":"","overlay-gradient":""},"mobile":{"background-color":"","background-image":"","background-repeat":"repeat","background-position":"center center","background-size":"auto","background-attachment":"scroll","background-type":"","background-media":"","overlay-type":"","overlay-color":"","overlay-opacity":"","overlay-gradient":""}},"ast-content-background-meta":{"desktop":{"background-color":"var(--ast-global-color-5)","background-image":"","background-repeat":"repeat","background-position":"center center","background-size":"auto","background-attachment":"scroll","background-type":"","background-media":"","overlay-type":"","overlay-color":"","overlay-opacity":"","overlay-gradient":""},"tablet":{"background-color":"var(--ast-global-color-5)","background-image":"","background-repeat":"repeat","background-position":"center center","background-size":"auto","background-attachment":"scroll","background-type":"","background-media":"","overlay-type":"","overlay-color":"","overlay-opacity":"","overlay-gradient":""},"mobile":{"background-color":"var(--ast-global-color-5)","background-image":"","background-repeat":"repeat","background-position":"center center","background-size":"auto","background-attachment":"scroll","background-type":"","background-media":"","overlay-type":"","overlay-color":"","overlay-opacity":"","overlay-gradient":""}},"footnotes":""},"class_list":["post-3366","page","type-page","status-publish","has-post-thumbnail","hentry"],"yoast_head":"<!-- This site is optimized with the Yoast SEO plugin v26.7 - https:\/\/yoast.com\/wordpress\/plugins\/seo\/ -->\n<title>FIZET\u00c9SI M\u00d3DOK \u00c9S SZ\u00c1LL\u00cdT\u00c1S - END-IBO<\/title>\n<meta name=\"robots\" content=\"index, follow, max-snippet:-1, max-image-preview:large, max-video-preview:-1\" \/>\n<link rel=\"canonical\" href=\"https:\/\/end-ibo.com\/modalitatea-de-plata-si-livrarea\/\" \/>\n<meta property=\"og:locale\" content=\"hu_HU\" \/>\n<meta property=\"og:type\" content=\"article\" \/>\n<meta property=\"og:title\" content=\"FIZET\u00c9SI M\u00d3DOK \u00c9S SZ\u00c1LL\u00cdT\u00c1S - END-IBO\" \/>\n<meta property=\"og:description\" content=\"\u00c1RAK, FIZET\u00c9SI M\u00d3DOK \u00c9S SZ\u00c1LL\u00cdT\u00c1S \u00c1RAz \u00e1r minden term\u00e9k eset\u00e9n fel van t\u0171ntetve, \u00e9s tartalmazza az \u00c1F\u00c1-t.\u00c9rv\u00e9nyes \u00e1rnak min\u0151s\u00fcl az az \u00e1r, ami a megrendel\u00e9s id\u0151pontj\u00e1ban a term\u00e9k\u00a0alatt\u00a0jelenik meg.Minden megrendel\u00e9s eset\u00e9n az END-IBO K.F.T. sz\u00e1ml\u00e1t bocs\u00e1t ki a v\u00e1s\u00e1rl\u00f3 \u00e1ltal megadott szem\u00e9lyes adatok alapj\u00e1n.\u00a0 FIZET\u00c9SI M\u00d3DA v\u00e1s\u00e1rl\u00f3 online fizet\u00e9s \u00e9s ut\u00e1nv\u00e9teles (fut\u00e1rn\u00e1l, \u00e1tv\u00e9telkor, k\u00e9szp\u00e9nzzel) fizet\u00e9s [&hellip;]\" \/>\n<meta property=\"og:url\" content=\"https:\/\/end-ibo.com\/modalitatea-de-plata-si-livrarea\/\" \/>\n<meta property=\"og:site_name\" content=\"END-IBO\" \/>\n<meta property=\"article:publisher\" content=\"https:\/\/www.facebook.com\/endibosrl\" \/>\n<meta property=\"article:modified_time\" content=\"2024-12-10T14:53:31+00:00\" \/>\n<meta property=\"og:image\" content=\"https:\/\/end-ibo.com\/wp-content\/uploads\/2021\/08\/SEO-Image.png\" \/>\n\t<meta property=\"og:image:width\" content=\"846\" \/>\n\t<meta property=\"og:image:height\" content=\"441\" \/>\n\t<meta property=\"og:image:type\" content=\"image\/png\" \/>\n<meta name=\"twitter:card\" content=\"summary_large_image\" \/>\n<meta name=\"twitter:label1\" content=\"Becs\u00fclt olvas\u00e1si id\u0151\" \/>\n\t<meta name=\"twitter:data1\" content=\"1 perc\" \/>\n<script type=\"application\/ld+json\" class=\"yoast-schema-graph\">{\"@context\":\"https:\/\/schema.org\",\"@graph\":[{\"@type\":\"WebPage\",\"@id\":\"https:\/\/end-ibo.com\/modalitatea-de-plata-si-livrarea\/\",\"url\":\"https:\/\/end-ibo.com\/modalitatea-de-plata-si-livrarea\/\",\"name\":\"FIZET\u00c9SI M\u00d3DOK \u00c9S SZ\u00c1LL\u00cdT\u00c1S - END-IBO\",\"isPartOf\":{\"@id\":\"https:\/\/end-ibo.com\/#website\"},\"primaryImageOfPage\":{\"@id\":\"https:\/\/end-ibo.com\/modalitatea-de-plata-si-livrarea\/#primaryimage\"},\"image\":{\"@id\":\"https:\/\/end-ibo.com\/modalitatea-de-plata-si-livrarea\/#primaryimage\"},\"thumbnailUrl\":\"https:\/\/end-ibo.com\/wp-content\/uploads\/2021\/08\/SEO-Image.png\",\"datePublished\":\"2021-08-23T07:49:57+00:00\",\"dateModified\":\"2024-12-10T14:53:31+00:00\",\"breadcrumb\":{\"@id\":\"https:\/\/end-ibo.com\/modalitatea-de-plata-si-livrarea\/#breadcrumb\"},\"inLanguage\":\"hu\",\"potentialAction\":[{\"@type\":\"ReadAction\",\"target\":[\"https:\/\/end-ibo.com\/modalitatea-de-plata-si-livrarea\/\"]}]},{\"@type\":\"ImageObject\",\"inLanguage\":\"hu\",\"@id\":\"https:\/\/end-ibo.com\/modalitatea-de-plata-si-livrarea\/#primaryimage\",\"url\":\"https:\/\/end-ibo.com\/wp-content\/uploads\/2021\/08\/SEO-Image.png\",\"contentUrl\":\"https:\/\/end-ibo.com\/wp-content\/uploads\/2021\/08\/SEO-Image.png\",\"width\":846,\"height\":441},{\"@type\":\"BreadcrumbList\",\"@id\":\"https:\/\/end-ibo.com\/modalitatea-de-plata-si-livrarea\/#breadcrumb\",\"itemListElement\":[{\"@type\":\"ListItem\",\"position\":1,\"name\":\"F\u0151oldal\",\"item\":\"https:\/\/end-ibo.com\/\"},{\"@type\":\"ListItem\",\"position\":2,\"name\":\"FIZET\u00c9SI M\u00d3DOK \u00c9S SZ\u00c1LL\u00cdT\u00c1S\"}]},{\"@type\":\"WebSite\",\"@id\":\"https:\/\/end-ibo.com\/#website\",\"url\":\"https:\/\/end-ibo.com\/\",\"name\":\"END-IBO\",\"description\":\"H\u00c1ZI \u00c9DESS\u00c9GEK\\n\",\"publisher\":{\"@id\":\"https:\/\/end-ibo.com\/#organization\"},\"potentialAction\":[{\"@type\":\"SearchAction\",\"target\":{\"@type\":\"EntryPoint\",\"urlTemplate\":\"https:\/\/end-ibo.com\/?s={search_term_string}\"},\"query-input\":{\"@type\":\"PropertyValueSpecification\",\"valueRequired\":true,\"valueName\":\"search_term_string\"}}],\"inLanguage\":\"hu\"},{\"@type\":\"Organization\",\"@id\":\"https:\/\/end-ibo.com\/#organization\",\"name\":\"END-IBO\",\"url\":\"https:\/\/end-ibo.com\/\",\"logo\":{\"@type\":\"ImageObject\",\"inLanguage\":\"hu\",\"@id\":\"https:\/\/end-ibo.com\/#\/schema\/logo\/image\/\",\"url\":\"https:\/\/end-ibo.com\/wp-content\/uploads\/2021\/08\/SEO-Image.png\",\"contentUrl\":\"https:\/\/end-ibo.com\/wp-content\/uploads\/2021\/08\/SEO-Image.png\",\"width\":1692,\"height\":882,\"caption\":\"END-IBO\"},\"image\":{\"@id\":\"https:\/\/end-ibo.com\/#\/schema\/logo\/image\/\"},\"sameAs\":[\"https:\/\/www.facebook.com\/endibosrl\",\"https:\/\/www.instagram.com\/endibo_srl\/\"]}]}<\/script>\n<!-- \/ Yoast SEO plugin. -->","yoast_head_json":{"title":"FIZET\u00c9SI M\u00d3DOK \u00c9S SZ\u00c1LL\u00cdT\u00c1S - END-IBO","robots":{"index":"index","follow":"follow","max-snippet":"max-snippet:-1","max-image-preview":"max-image-preview:large","max-video-preview":"max-video-preview:-1"},"canonical":"https:\/\/end-ibo.com\/modalitatea-de-plata-si-livrarea\/","og_locale":"hu_HU","og_type":"article","og_title":"FIZET\u00c9SI M\u00d3DOK \u00c9S SZ\u00c1LL\u00cdT\u00c1S - END-IBO","og_description":"\u00c1RAK, FIZET\u00c9SI M\u00d3DOK \u00c9S SZ\u00c1LL\u00cdT\u00c1S \u00c1RAz \u00e1r minden term\u00e9k eset\u00e9n fel van t\u0171ntetve, \u00e9s tartalmazza az \u00c1F\u00c1-t.\u00c9rv\u00e9nyes \u00e1rnak min\u0151s\u00fcl az az \u00e1r, ami a megrendel\u00e9s id\u0151pontj\u00e1ban a term\u00e9k\u00a0alatt\u00a0jelenik meg.Minden megrendel\u00e9s eset\u00e9n az END-IBO K.F.T. sz\u00e1ml\u00e1t bocs\u00e1t ki a v\u00e1s\u00e1rl\u00f3 \u00e1ltal megadott szem\u00e9lyes adatok alapj\u00e1n.\u00a0 FIZET\u00c9SI M\u00d3DA v\u00e1s\u00e1rl\u00f3 online fizet\u00e9s \u00e9s ut\u00e1nv\u00e9teles (fut\u00e1rn\u00e1l, \u00e1tv\u00e9telkor, k\u00e9szp\u00e9nzzel) fizet\u00e9s [&hellip;]","og_url":"https:\/\/end-ibo.com\/modalitatea-de-plata-si-livrarea\/","og_site_name":"END-IBO","article_publisher":"https:\/\/www.facebook.com\/endibosrl","article_modified_time":"2024-12-10T14:53:31+00:00","og_image":[{"width":846,"height":441,"url":"https:\/\/end-ibo.com\/wp-content\/uploads\/2021\/08\/SEO-Image.png","type":"image\/png"}],"twitter_card":"summary_large_image","twitter_misc":{"Becs\u00fclt olvas\u00e1si id\u0151":"1 perc"},"schema":{"@context":"https:\/\/schema.org","@graph":[{"@type":"WebPage","@id":"https:\/\/end-ibo.com\/modalitatea-de-plata-si-livrarea\/","url":"https:\/\/end-ibo.com\/modalitatea-de-plata-si-livrarea\/","name":"FIZET\u00c9SI M\u00d3DOK \u00c9S SZ\u00c1LL\u00cdT\u00c1S - END-IBO","isPartOf":{"@id":"https:\/\/end-ibo.com\/#website"},"primaryImageOfPage":{"@id":"https:\/\/end-ibo.com\/modalitatea-de-plata-si-livrarea\/#primaryimage"},"image":{"@id":"https:\/\/end-ibo.com\/modalitatea-de-plata-si-livrarea\/#primaryimage"},"thumbnailUrl":"https:\/\/end-ibo.com\/wp-content\/uploads\/2021\/08\/SEO-Image.png","datePublished":"2021-08-23T07:49:57+00:00","dateModified":"2024-12-10T14:53:31+00:00","breadcrumb":{"@id":"https:\/\/end-ibo.com\/modalitatea-de-plata-si-livrarea\/#breadcrumb"},"inLanguage":"hu","potentialAction":[{"@type":"ReadAction","target":["https:\/\/end-ibo.com\/modalitatea-de-plata-si-livrarea\/"]}]},{"@type":"ImageObject","inLanguage":"hu","@id":"https:\/\/end-ibo.com\/modalitatea-de-plata-si-livrarea\/#primaryimage","url":"https:\/\/end-ibo.com\/wp-content\/uploads\/2021\/08\/SEO-Image.png","contentUrl":"https:\/\/end-ibo.com\/wp-content\/uploads\/2021\/08\/SEO-Image.png","width":846,"height":441},{"@type":"BreadcrumbList","@id":"https:\/\/end-ibo.com\/modalitatea-de-plata-si-livrarea\/#breadcrumb","itemListElement":[{"@type":"ListItem","position":1,"name":"F\u0151oldal","item":"https:\/\/end-ibo.com\/"},{"@type":"ListItem","position":2,"name":"FIZET\u00c9SI M\u00d3DOK \u00c9S SZ\u00c1LL\u00cdT\u00c1S"}]},{"@type":"WebSite","@id":"https:\/\/end-ibo.com\/#website","url":"https:\/\/end-ibo.com\/","name":"END-IBO","description":"H\u00c1ZI \u00c9DESS\u00c9GEK\n","publisher":{"@id":"https:\/\/end-ibo.com\/#organization"},"potentialAction":[{"@type":"SearchAction","target":{"@type":"EntryPoint","urlTemplate":"https:\/\/end-ibo.com\/?s={search_term_string}"},"query-input":{"@type":"PropertyValueSpecification","valueRequired":true,"valueName":"search_term_string"}}],"inLanguage":"hu"},{"@type":"Organization","@id":"https:\/\/end-ibo.com\/#organization","name":"END-IBO","url":"https:\/\/end-ibo.com\/","logo":{"@type":"ImageObject","inLanguage":"hu","@id":"https:\/\/end-ibo.com\/#\/schema\/logo\/image\/","url":"https:\/\/end-ibo.com\/wp-content\/uploads\/2021\/08\/SEO-Image.png","contentUrl":"https:\/\/end-ibo.com\/wp-content\/uploads\/2021\/08\/SEO-Image.png","width":1692,"height":882,"caption":"END-IBO"},"image":{"@id":"https:\/\/end-ibo.com\/#\/schema\/logo\/image\/"},"sameAs":["https:\/\/www.facebook.com\/endibosrl","https:\/\/www.instagram.com\/endibo_srl\/"]}]}},"_links":{"self":[{"href":"https:\/\/end-ibo.com\/hu\/wp-json\/wp\/v2\/pages\/3366","targetHints":{"allow":["GET"]}}],"collection":[{"href":"https:\/\/end-ibo.com\/hu\/wp-json\/wp\/v2\/pages"}],"about":[{"href":"https:\/\/end-ibo.com\/hu\/wp-json\/wp\/v2\/types\/page"}],"author":[{"embeddable":true,"href":"https:\/\/end-ibo.com\/hu\/wp-json\/wp\/v2\/users\/1"}],"replies":[{"embeddable":true,"href":"https:\/\/end-ibo.com\/hu\/wp-json\/wp\/v2\/comments?post=3366"}],"version-history":[{"count":8,"href":"https:\/\/end-ibo.com\/hu\/wp-json\/wp\/v2\/pages\/3366\/revisions"}],"predecessor-version":[{"id":6124,"href":"https:\/\/end-ibo.com\/hu\/wp-json\/wp\/v2\/pages\/3366\/revisions\/6124"}],"wp:featuredmedia":[{"embeddable":true,"href":"https:\/\/end-ibo.com\/hu\/wp-json\/wp\/v2\/media\/3511"}],"wp:attachment":[{"href":"https:\/\/end-ibo.com\/hu\/wp-json\/wp\/v2\/media?parent=3366"}],"curies":[{"name":"wp","href":"https:\/\/api.w.org\/{rel}","templated":true}]}}