{"id":5062,"date":"2022-11-24T11:50:06","date_gmt":"2022-11-24T08:52:41","guid":{"rendered":"https:\/\/end-ibo.com\/?post_type=product&#038;p=5062"},"modified":"2022-11-24T11:55:50","modified_gmt":"2022-11-24T08:55:50","slug":"endigold-karamellas-szelet-30-g","status":"publish","type":"product","link":"https:\/\/end-ibo.com\/hu\/termek\/endigold-karamellas-szelet-30-g\/","title":{"rendered":"Endigold- Karamell\u00e1s szelet 30 g"},"content":{"rendered":"<p>Allerg\u00e9nek: A term\u00e9k lakt\u00f3zt, glut\u00e9nt, f\u00f6ldimogyor\u00f3t tartalmaz. Nyomokban tartalmazhat, di\u00f3t, mogyor\u00f3t.<\/p>\n","protected":false},"excerpt":{"rendered":"<p>Allerg\u00e9nek: A term\u00e9k lakt\u00f3zt, glut\u00e9nt, f\u00f6ldimogyor\u00f3t tartalmaz. Nyomokban tartalmazhat, di\u00f3t, mogyor\u00f3t.<\/p>\n","protected":false},"featured_media":5061,"template":"","meta":{"site-sidebar-layout":"default","site-content-layout":"default","ast-site-content-layout":"default","site-content-style":"default","site-sidebar-style":"default","ast-global-header-display":"","ast-banner-title-visibility":"","ast-main-header-display":"","ast-hfb-above-header-display":"","ast-hfb-below-header-display":"","ast-hfb-mobile-header-display":"","site-post-title":"","ast-breadcrumbs-content":"","ast-featured-img":"","footer-sml-layout":"","ast-disable-related-posts":"","theme-transparent-header-meta":"default","adv-header-id-meta":"","stick-header-meta":"","header-above-stick-meta":"","header-main-stick-meta":"","header-below-stick-meta":"","astra-migrate-meta-layouts":"default","ast-page-background-enabled":"default","ast-page-background-meta":{"desktop":{"background-color":"","background-image":"","background-repeat":"repeat","background-position":"center center","background-size":"auto","background-attachment":"scroll","background-type":"","background-media":"","overlay-type":"","overlay-color":"","overlay-opacity":"","overlay-gradient":""},"tablet":{"background-color":"","background-image":"","background-repeat":"repeat","background-position":"center center","background-size":"auto","background-attachment":"scroll","background-type":"","background-media":"","overlay-type":"","overlay-color":"","overlay-opacity":"","overlay-gradient":""},"mobile":{"background-color":"","background-image":"","background-repeat":"repeat","background-position":"center center","background-size":"auto","background-attachment":"scroll","background-type":"","background-media":"","overlay-type":"","overlay-color":"","overlay-opacity":"","overlay-gradient":""}},"ast-content-background-meta":{"desktop":{"background-color":"var(--ast-global-color-5)","background-image":"","background-repeat":"repeat","background-position":"center center","background-size":"auto","background-attachment":"scroll","background-type":"","background-media":"","overlay-type":"","overlay-color":"","overlay-opacity":"","overlay-gradient":""},"tablet":{"background-color":"var(--ast-global-color-5)","background-image":"","background-repeat":"repeat","background-position":"center center","background-size":"auto","background-attachment":"scroll","background-type":"","background-media":"","overlay-type":"","overlay-color":"","overlay-opacity":"","overlay-gradient":""},"mobile":{"background-color":"var(--ast-global-color-5)","background-image":"","background-repeat":"repeat","background-position":"center center","background-size":"auto","background-attachment":"scroll","background-type":"","background-media":"","overlay-type":"","overlay-color":"","overlay-opacity":"","overlay-gradient":""}}},"product_brand":[],"product_cat":[788],"product_tag":[],"class_list":{"0":"post-5062","1":"product","2":"type-product","3":"status-publish","4":"has-post-thumbnail","6":"product_cat-mas-edessegek","7":"pa_fibre-1-00-g-2","8":"pa_grasimi-saturate-65-g-hu","9":"pa_ingrediente-zahar-grasime-vegetala-nehidrogenata-lapte-praf-biscuiti-apa-arahide-prajite-pudra-de-cacao-otet-alimentar-conservant-sorbat-de-potasiu-arome-aroma-rom-si-aroma-caramel-hu","10":"pa_proteine-748-g-hu","11":"pa_sare-018-g-hu","12":"pa_termen-de-garantie-3-honap","13":"pa_total-glucide-6978-g-hu","14":"pa_total-grasimi-12-31-g-hu","15":"pa_valoare-energetica-431-kcal-1804-kj-hu","16":"pa_zaharuri-din-glucide-4078-g-hu","17":"desktop-align-left","18":"tablet-align-left","19":"mobile-align-left","21":"first","22":"instock","23":"shipping-taxable","24":"purchasable","25":"product-type-simple"},"group_of_quantity":0,"min_quantity":0,"max_quantity":"","exclude_order_quantity_value_rules":"no","exclude_category_quantity_rules":"no","combine_variations":"no","yoast_head":"<!-- This site is optimized with the Yoast SEO plugin v26.7 - https:\/\/yoast.com\/wordpress\/plugins\/seo\/ -->\n<title>Endigold- Karamell\u00e1s szelet 30 g - END-IBO<\/title>\n<meta name=\"robots\" content=\"index, follow, max-snippet:-1, max-image-preview:large, max-video-preview:-1\" \/>\n<link rel=\"canonical\" href=\"https:\/\/end-ibo.com\/hu\/termek\/endigold-karamellas-szelet-30-g\/\" \/>\n<meta property=\"og:locale\" content=\"hu_HU\" \/>\n<meta property=\"og:type\" content=\"article\" \/>\n<meta property=\"og:title\" content=\"Endigold- Karamell\u00e1s szelet 30 g - END-IBO\" \/>\n<meta property=\"og:description\" content=\"Allerg\u00e9nek: A term\u00e9k lakt\u00f3zt, glut\u00e9nt, f\u00f6ldimogyor\u00f3t tartalmaz. Nyomokban tartalmazhat, di\u00f3t, mogyor\u00f3t.\" \/>\n<meta property=\"og:url\" content=\"https:\/\/end-ibo.com\/hu\/termek\/endigold-karamellas-szelet-30-g\/\" \/>\n<meta property=\"og:site_name\" content=\"END-IBO\" \/>\n<meta property=\"article:publisher\" content=\"https:\/\/www.facebook.com\/endibosrl\" \/>\n<meta property=\"article:modified_time\" content=\"2022-11-24T08:55:50+00:00\" \/>\n<meta property=\"og:image\" content=\"https:\/\/end-ibo.com\/wp-content\/uploads\/2022\/11\/BRF37101-scaled.jpg\" \/>\n\t<meta property=\"og:image:width\" content=\"2560\" \/>\n\t<meta property=\"og:image:height\" content=\"1707\" \/>\n\t<meta property=\"og:image:type\" content=\"image\/jpeg\" \/>\n<meta name=\"twitter:card\" content=\"summary_large_image\" \/>\n<script type=\"application\/ld+json\" class=\"yoast-schema-graph\">{\"@context\":\"https:\/\/schema.org\",\"@graph\":[{\"@type\":\"WebPage\",\"@id\":\"https:\/\/end-ibo.com\/hu\/termek\/endigold-karamellas-szelet-30-g\/\",\"url\":\"https:\/\/end-ibo.com\/hu\/termek\/endigold-karamellas-szelet-30-g\/\",\"name\":\"Endigold- Karamell\u00e1s szelet 30 g - END-IBO\",\"isPartOf\":{\"@id\":\"https:\/\/end-ibo.com\/#website\"},\"primaryImageOfPage\":{\"@id\":\"https:\/\/end-ibo.com\/hu\/termek\/endigold-karamellas-szelet-30-g\/#primaryimage\"},\"image\":{\"@id\":\"https:\/\/end-ibo.com\/hu\/termek\/endigold-karamellas-szelet-30-g\/#primaryimage\"},\"thumbnailUrl\":\"https:\/\/end-ibo.com\/wp-content\/uploads\/2022\/11\/BRF37101-scaled.jpg\",\"datePublished\":\"2022-11-24T08:52:41+00:00\",\"dateModified\":\"2022-11-24T08:55:50+00:00\",\"breadcrumb\":{\"@id\":\"https:\/\/end-ibo.com\/hu\/termek\/endigold-karamellas-szelet-30-g\/#breadcrumb\"},\"inLanguage\":\"hu\",\"potentialAction\":[{\"@type\":\"ReadAction\",\"target\":[\"https:\/\/end-ibo.com\/hu\/termek\/endigold-karamellas-szelet-30-g\/\"]}]},{\"@type\":\"ImageObject\",\"inLanguage\":\"hu\",\"@id\":\"https:\/\/end-ibo.com\/hu\/termek\/endigold-karamellas-szelet-30-g\/#primaryimage\",\"url\":\"https:\/\/end-ibo.com\/wp-content\/uploads\/2022\/11\/BRF37101-scaled.jpg\",\"contentUrl\":\"https:\/\/end-ibo.com\/wp-content\/uploads\/2022\/11\/BRF37101-scaled.jpg\",\"width\":2560,\"height\":1707},{\"@type\":\"BreadcrumbList\",\"@id\":\"https:\/\/end-ibo.com\/hu\/termek\/endigold-karamellas-szelet-30-g\/#breadcrumb\",\"itemListElement\":[{\"@type\":\"ListItem\",\"position\":1,\"name\":\"F\u0151oldal\",\"item\":\"https:\/\/end-ibo.com\/\"},{\"@type\":\"ListItem\",\"position\":2,\"name\":\"Term\u00e9kek\",\"item\":\"https:\/\/end-ibo.com\/hu\/termekek\/\"},{\"@type\":\"ListItem\",\"position\":3,\"name\":\"Endigold- Karamell\u00e1s szelet 30 g\"}]},{\"@type\":\"WebSite\",\"@id\":\"https:\/\/end-ibo.com\/#website\",\"url\":\"https:\/\/end-ibo.com\/\",\"name\":\"END-IBO\",\"description\":\"H\u00c1ZI \u00c9DESS\u00c9GEK\\n\",\"publisher\":{\"@id\":\"https:\/\/end-ibo.com\/#organization\"},\"potentialAction\":[{\"@type\":\"SearchAction\",\"target\":{\"@type\":\"EntryPoint\",\"urlTemplate\":\"https:\/\/end-ibo.com\/?s={search_term_string}\"},\"query-input\":{\"@type\":\"PropertyValueSpecification\",\"valueRequired\":true,\"valueName\":\"search_term_string\"}}],\"inLanguage\":\"hu\"},{\"@type\":\"Organization\",\"@id\":\"https:\/\/end-ibo.com\/#organization\",\"name\":\"END-IBO\",\"url\":\"https:\/\/end-ibo.com\/\",\"logo\":{\"@type\":\"ImageObject\",\"inLanguage\":\"hu\",\"@id\":\"https:\/\/end-ibo.com\/#\/schema\/logo\/image\/\",\"url\":\"https:\/\/end-ibo.com\/wp-content\/uploads\/2021\/08\/SEO-Image.png\",\"contentUrl\":\"https:\/\/end-ibo.com\/wp-content\/uploads\/2021\/08\/SEO-Image.png\",\"width\":1692,\"height\":882,\"caption\":\"END-IBO\"},\"image\":{\"@id\":\"https:\/\/end-ibo.com\/#\/schema\/logo\/image\/\"},\"sameAs\":[\"https:\/\/www.facebook.com\/endibosrl\",\"https:\/\/www.instagram.com\/endibo_srl\/\"]}]}<\/script>\n<!-- \/ Yoast SEO plugin. -->","yoast_head_json":{"title":"Endigold- Karamell\u00e1s szelet 30 g - END-IBO","robots":{"index":"index","follow":"follow","max-snippet":"max-snippet:-1","max-image-preview":"max-image-preview:large","max-video-preview":"max-video-preview:-1"},"canonical":"https:\/\/end-ibo.com\/hu\/termek\/endigold-karamellas-szelet-30-g\/","og_locale":"hu_HU","og_type":"article","og_title":"Endigold- Karamell\u00e1s szelet 30 g - END-IBO","og_description":"Allerg\u00e9nek: A term\u00e9k lakt\u00f3zt, glut\u00e9nt, f\u00f6ldimogyor\u00f3t tartalmaz. Nyomokban tartalmazhat, di\u00f3t, mogyor\u00f3t.","og_url":"https:\/\/end-ibo.com\/hu\/termek\/endigold-karamellas-szelet-30-g\/","og_site_name":"END-IBO","article_publisher":"https:\/\/www.facebook.com\/endibosrl","article_modified_time":"2022-11-24T08:55:50+00:00","og_image":[{"width":2560,"height":1707,"url":"https:\/\/end-ibo.com\/wp-content\/uploads\/2022\/11\/BRF37101-scaled.jpg","type":"image\/jpeg"}],"twitter_card":"summary_large_image","schema":{"@context":"https:\/\/schema.org","@graph":[{"@type":"WebPage","@id":"https:\/\/end-ibo.com\/hu\/termek\/endigold-karamellas-szelet-30-g\/","url":"https:\/\/end-ibo.com\/hu\/termek\/endigold-karamellas-szelet-30-g\/","name":"Endigold- Karamell\u00e1s szelet 30 g - END-IBO","isPartOf":{"@id":"https:\/\/end-ibo.com\/#website"},"primaryImageOfPage":{"@id":"https:\/\/end-ibo.com\/hu\/termek\/endigold-karamellas-szelet-30-g\/#primaryimage"},"image":{"@id":"https:\/\/end-ibo.com\/hu\/termek\/endigold-karamellas-szelet-30-g\/#primaryimage"},"thumbnailUrl":"https:\/\/end-ibo.com\/wp-content\/uploads\/2022\/11\/BRF37101-scaled.jpg","datePublished":"2022-11-24T08:52:41+00:00","dateModified":"2022-11-24T08:55:50+00:00","breadcrumb":{"@id":"https:\/\/end-ibo.com\/hu\/termek\/endigold-karamellas-szelet-30-g\/#breadcrumb"},"inLanguage":"hu","potentialAction":[{"@type":"ReadAction","target":["https:\/\/end-ibo.com\/hu\/termek\/endigold-karamellas-szelet-30-g\/"]}]},{"@type":"ImageObject","inLanguage":"hu","@id":"https:\/\/end-ibo.com\/hu\/termek\/endigold-karamellas-szelet-30-g\/#primaryimage","url":"https:\/\/end-ibo.com\/wp-content\/uploads\/2022\/11\/BRF37101-scaled.jpg","contentUrl":"https:\/\/end-ibo.com\/wp-content\/uploads\/2022\/11\/BRF37101-scaled.jpg","width":2560,"height":1707},{"@type":"BreadcrumbList","@id":"https:\/\/end-ibo.com\/hu\/termek\/endigold-karamellas-szelet-30-g\/#breadcrumb","itemListElement":[{"@type":"ListItem","position":1,"name":"F\u0151oldal","item":"https:\/\/end-ibo.com\/"},{"@type":"ListItem","position":2,"name":"Term\u00e9kek","item":"https:\/\/end-ibo.com\/hu\/termekek\/"},{"@type":"ListItem","position":3,"name":"Endigold- Karamell\u00e1s szelet 30 g"}]},{"@type":"WebSite","@id":"https:\/\/end-ibo.com\/#website","url":"https:\/\/end-ibo.com\/","name":"END-IBO","description":"H\u00c1ZI \u00c9DESS\u00c9GEK\n","publisher":{"@id":"https:\/\/end-ibo.com\/#organization"},"potentialAction":[{"@type":"SearchAction","target":{"@type":"EntryPoint","urlTemplate":"https:\/\/end-ibo.com\/?s={search_term_string}"},"query-input":{"@type":"PropertyValueSpecification","valueRequired":true,"valueName":"search_term_string"}}],"inLanguage":"hu"},{"@type":"Organization","@id":"https:\/\/end-ibo.com\/#organization","name":"END-IBO","url":"https:\/\/end-ibo.com\/","logo":{"@type":"ImageObject","inLanguage":"hu","@id":"https:\/\/end-ibo.com\/#\/schema\/logo\/image\/","url":"https:\/\/end-ibo.com\/wp-content\/uploads\/2021\/08\/SEO-Image.png","contentUrl":"https:\/\/end-ibo.com\/wp-content\/uploads\/2021\/08\/SEO-Image.png","width":1692,"height":882,"caption":"END-IBO"},"image":{"@id":"https:\/\/end-ibo.com\/#\/schema\/logo\/image\/"},"sameAs":["https:\/\/www.facebook.com\/endibosrl","https:\/\/www.instagram.com\/endibo_srl\/"]}]}},"_links":{"self":[{"href":"https:\/\/end-ibo.com\/hu\/wp-json\/wp\/v2\/product\/5062","targetHints":{"allow":["GET"]}}],"collection":[{"href":"https:\/\/end-ibo.com\/hu\/wp-json\/wp\/v2\/product"}],"about":[{"href":"https:\/\/end-ibo.com\/hu\/wp-json\/wp\/v2\/types\/product"}],"wp:featuredmedia":[{"embeddable":true,"href":"https:\/\/end-ibo.com\/hu\/wp-json\/wp\/v2\/media\/5061"}],"wp:attachment":[{"href":"https:\/\/end-ibo.com\/hu\/wp-json\/wp\/v2\/media?parent=5062"}],"wp:term":[{"taxonomy":"product_brand","embeddable":true,"href":"https:\/\/end-ibo.com\/hu\/wp-json\/wp\/v2\/product_brand?post=5062"},{"taxonomy":"product_cat","embeddable":true,"href":"https:\/\/end-ibo.com\/hu\/wp-json\/wp\/v2\/product_cat?post=5062"},{"taxonomy":"product_tag","embeddable":true,"href":"https:\/\/end-ibo.com\/hu\/wp-json\/wp\/v2\/product_tag?post=5062"}],"curies":[{"name":"wp","href":"https:\/\/api.w.org\/{rel}","templated":true}]}}