{"id":5749,"date":"2024-08-06T11:12:30","date_gmt":"2024-08-06T08:12:30","guid":{"rendered":"https:\/\/end-ibo.com\/product\/vegyes-golyok-250-g\/"},"modified":"2024-08-06T11:25:30","modified_gmt":"2024-08-06T08:25:30","slug":"vegyes-golyok-250-g","status":"publish","type":"product","link":"https:\/\/end-ibo.com\/hu\/termek\/vegyes-golyok-250-g\/","title":{"rendered":"Vegyes goly\u00f3k 250 g"},"content":{"rendered":"<p>T\u00f6lt\u00f6tt k\u00f3kusz goly\u00f3<br \/>\n\u00d6sszetev\u0151k:  teljes tejpor,  k\u00f3kusz reszel\u00e9k,  cukor,  iv\u00f3v\u00edz,  nem hidrog\u00e9nezett n\u00f6v\u00e9nyi zs\u00edr,  barack t\u00f6ltel\u00e9k,  frukt\u00f3z-gluk\u00f3z szirup,  iv\u00f3v\u00edz,  keksz,  k\u00e1lium szorb\u00e1t, rum aroma.<br \/>\n Energia: 458,98 kcal\/1920,41 kJ, Zs\u00edr 28,09 g amelyekb\u0151l tel\u00edtett zs\u00edrsavak 20,81 g, Sz\u00e9nhidr\u00e1t 50,94 g amelyb\u0151l cukrok<br \/>\n42,07 g, Feh\u00e9rje 6,12 g, Rost 5,14 g, S\u00f3 0,10 g<\/p>\n<p>T\u00f6lt\u00f6tt keksz goly\u00f3<br \/>\n\u00d6sszetev\u0151k: keksz, cukor, n\u00f6v\u00e9nyi zs\u00edr, kaka\u00f3, tejpor, v\u00edz, rum aroma, k\u00e1lium-szorb\u00e1t<br \/>\nEnergiatartalom: 1787kJ\/427kcal, Teljes zs\u00edrtartalom 15,6g<br \/>\namelyb\u0151l tel\u00edtett zs\u00edrsavak 8,7g, Teljes sz\u00e9nhidr\u00e1tok 66,5g amelyb\u0151l cukor 42,9g, Feh\u00e9rje 4,7g, S\u00f3 0,1g, Rostok 2,8g<\/p>\n<p>Allerg\u00e9n anyagok: a term\u00e9k glut\u00e9nt tartalmaz \u00e9s tej sz\u00e1rmaz\u00e9kot (bele\u00e9rtve lakt\u00f3zt). Nyomokban tartalmazhat: mogyor\u00f3, f\u00f6ldimogy\u00f3, di\u00f3. <\/p>\n","protected":false},"excerpt":{"rendered":"<p>T\u00f6lt\u00f6tt k\u00f3kusz goly\u00f3 \u00d6sszetev\u0151k: teljes tejpor, k\u00f3kusz reszel\u00e9k, cukor, iv\u00f3v\u00edz, nem hidrog\u00e9nezett n\u00f6v\u00e9nyi zs\u00edr, barack t\u00f6ltel\u00e9k, frukt\u00f3z-gluk\u00f3z szirup, iv\u00f3v\u00edz, keksz, k\u00e1lium szorb\u00e1t, rum aroma. Energia: 458,98 kcal\/1920,41 kJ, Zs\u00edr 28,09 g amelyekb\u0151l tel\u00edtett zs\u00edrsavak 20,81 g, Sz\u00e9nhidr\u00e1t 50,94 g amelyb\u0151l cukrok 42,07 g, Feh\u00e9rje 6,12 g, Rost 5,14 g, S\u00f3 0,10 g T\u00f6lt\u00f6tt keksz goly\u00f3 [&hellip;]<\/p>\n","protected":false},"featured_media":5744,"template":"","meta":{"site-sidebar-layout":"default","site-content-layout":"","ast-site-content-layout":"default","site-content-style":"default","site-sidebar-style":"default","ast-global-header-display":"","ast-banner-title-visibility":"","ast-main-header-display":"","ast-hfb-above-header-display":"","ast-hfb-below-header-display":"","ast-hfb-mobile-header-display":"","site-post-title":"","ast-breadcrumbs-content":"","ast-featured-img":"","footer-sml-layout":"","ast-disable-related-posts":"","theme-transparent-header-meta":"default","adv-header-id-meta":"","stick-header-meta":"","header-above-stick-meta":"","header-main-stick-meta":"","header-below-stick-meta":"","astra-migrate-meta-layouts":"default","ast-page-background-enabled":"default","ast-page-background-meta":{"desktop":{"background-color":"","background-image":"","background-repeat":"repeat","background-position":"center center","background-size":"auto","background-attachment":"scroll","background-type":"","background-media":"","overlay-type":"","overlay-color":"","overlay-opacity":"","overlay-gradient":""},"tablet":{"background-color":"","background-image":"","background-repeat":"repeat","background-position":"center center","background-size":"auto","background-attachment":"scroll","background-type":"","background-media":"","overlay-type":"","overlay-color":"","overlay-opacity":"","overlay-gradient":""},"mobile":{"background-color":"","background-image":"","background-repeat":"repeat","background-position":"center center","background-size":"auto","background-attachment":"scroll","background-type":"","background-media":"","overlay-type":"","overlay-color":"","overlay-opacity":"","overlay-gradient":""}},"ast-content-background-meta":{"desktop":{"background-color":"var(--ast-global-color-5)","background-image":"","background-repeat":"repeat","background-position":"center center","background-size":"auto","background-attachment":"scroll","background-type":"","background-media":"","overlay-type":"","overlay-color":"","overlay-opacity":"","overlay-gradient":""},"tablet":{"background-color":"var(--ast-global-color-5)","background-image":"","background-repeat":"repeat","background-position":"center center","background-size":"auto","background-attachment":"scroll","background-type":"","background-media":"","overlay-type":"","overlay-color":"","overlay-opacity":"","overlay-gradient":""},"mobile":{"background-color":"var(--ast-global-color-5)","background-image":"","background-repeat":"repeat","background-position":"center center","background-size":"auto","background-attachment":"scroll","background-type":"","background-media":"","overlay-type":"","overlay-color":"","overlay-opacity":"","overlay-gradient":""}}},"product_brand":[],"product_cat":[825,814],"product_tag":[],"class_list":{"0":"post-5749","1":"product","2":"type-product","3":"status-publish","4":"has-post-thumbnail","6":"product_cat-keksz-golyo","7":"product_cat-kokusz-golyo","8":"desktop-align-left","9":"tablet-align-left","10":"mobile-align-left","12":"first","13":"instock","14":"shipping-taxable","15":"purchasable","16":"product-type-simple"},"group_of_quantity":0,"min_quantity":0,"max_quantity":"","exclude_order_quantity_value_rules":"no","exclude_category_quantity_rules":"no","combine_variations":"no","yoast_head":"<!-- This site is optimized with the Yoast SEO plugin v26.7 - https:\/\/yoast.com\/wordpress\/plugins\/seo\/ -->\n<title>Vegyes goly\u00f3k 250 g - END-IBO<\/title>\n<meta name=\"robots\" content=\"index, follow, max-snippet:-1, max-image-preview:large, max-video-preview:-1\" \/>\n<link rel=\"canonical\" href=\"https:\/\/end-ibo.com\/hu\/termek\/vegyes-golyok-250-g\/\" \/>\n<meta property=\"og:locale\" content=\"hu_HU\" \/>\n<meta property=\"og:type\" content=\"article\" \/>\n<meta property=\"og:title\" content=\"Vegyes goly\u00f3k 250 g - END-IBO\" \/>\n<meta property=\"og:description\" content=\"T\u00f6lt\u00f6tt k\u00f3kusz goly\u00f3 \u00d6sszetev\u0151k: teljes tejpor, k\u00f3kusz reszel\u00e9k, cukor, iv\u00f3v\u00edz, nem hidrog\u00e9nezett n\u00f6v\u00e9nyi zs\u00edr, barack t\u00f6ltel\u00e9k, frukt\u00f3z-gluk\u00f3z szirup, iv\u00f3v\u00edz, keksz, k\u00e1lium szorb\u00e1t, rum aroma. Energia: 458,98 kcal\/1920,41 kJ, Zs\u00edr 28,09 g amelyekb\u0151l tel\u00edtett zs\u00edrsavak 20,81 g, Sz\u00e9nhidr\u00e1t 50,94 g amelyb\u0151l cukrok 42,07 g, Feh\u00e9rje 6,12 g, Rost 5,14 g, S\u00f3 0,10 g T\u00f6lt\u00f6tt keksz goly\u00f3 [&hellip;]\" \/>\n<meta property=\"og:url\" content=\"https:\/\/end-ibo.com\/hu\/termek\/vegyes-golyok-250-g\/\" \/>\n<meta property=\"og:site_name\" content=\"END-IBO\" \/>\n<meta property=\"article:publisher\" content=\"https:\/\/www.facebook.com\/endibosrl\" \/>\n<meta property=\"article:modified_time\" content=\"2024-08-06T08:25:30+00:00\" \/>\n<meta property=\"og:image\" content=\"https:\/\/end-ibo.com\/wp-content\/uploads\/2024\/08\/BRF52657-scaled.jpg\" \/>\n\t<meta property=\"og:image:width\" content=\"2560\" \/>\n\t<meta property=\"og:image:height\" content=\"1707\" \/>\n\t<meta property=\"og:image:type\" content=\"image\/jpeg\" \/>\n<meta name=\"twitter:card\" content=\"summary_large_image\" \/>\n<meta name=\"twitter:label1\" content=\"Becs\u00fclt olvas\u00e1si id\u0151\" \/>\n\t<meta name=\"twitter:data1\" content=\"1 perc\" \/>\n<script type=\"application\/ld+json\" class=\"yoast-schema-graph\">{\"@context\":\"https:\/\/schema.org\",\"@graph\":[{\"@type\":\"WebPage\",\"@id\":\"https:\/\/end-ibo.com\/hu\/termek\/vegyes-golyok-250-g\/\",\"url\":\"https:\/\/end-ibo.com\/hu\/termek\/vegyes-golyok-250-g\/\",\"name\":\"Vegyes goly\u00f3k 250 g - END-IBO\",\"isPartOf\":{\"@id\":\"https:\/\/end-ibo.com\/#website\"},\"primaryImageOfPage\":{\"@id\":\"https:\/\/end-ibo.com\/hu\/termek\/vegyes-golyok-250-g\/#primaryimage\"},\"image\":{\"@id\":\"https:\/\/end-ibo.com\/hu\/termek\/vegyes-golyok-250-g\/#primaryimage\"},\"thumbnailUrl\":\"https:\/\/end-ibo.com\/wp-content\/uploads\/2024\/08\/BRF52657-scaled.jpg\",\"datePublished\":\"2024-08-06T08:12:30+00:00\",\"dateModified\":\"2024-08-06T08:25:30+00:00\",\"breadcrumb\":{\"@id\":\"https:\/\/end-ibo.com\/hu\/termek\/vegyes-golyok-250-g\/#breadcrumb\"},\"inLanguage\":\"hu\",\"potentialAction\":[{\"@type\":\"ReadAction\",\"target\":[\"https:\/\/end-ibo.com\/hu\/termek\/vegyes-golyok-250-g\/\"]}]},{\"@type\":\"ImageObject\",\"inLanguage\":\"hu\",\"@id\":\"https:\/\/end-ibo.com\/hu\/termek\/vegyes-golyok-250-g\/#primaryimage\",\"url\":\"https:\/\/end-ibo.com\/wp-content\/uploads\/2024\/08\/BRF52657-scaled.jpg\",\"contentUrl\":\"https:\/\/end-ibo.com\/wp-content\/uploads\/2024\/08\/BRF52657-scaled.jpg\",\"width\":2560,\"height\":1707},{\"@type\":\"BreadcrumbList\",\"@id\":\"https:\/\/end-ibo.com\/hu\/termek\/vegyes-golyok-250-g\/#breadcrumb\",\"itemListElement\":[{\"@type\":\"ListItem\",\"position\":1,\"name\":\"F\u0151oldal\",\"item\":\"https:\/\/end-ibo.com\/\"},{\"@type\":\"ListItem\",\"position\":2,\"name\":\"Term\u00e9kek\",\"item\":\"https:\/\/end-ibo.com\/hu\/termekek\/\"},{\"@type\":\"ListItem\",\"position\":3,\"name\":\"Vegyes goly\u00f3k 250 g\"}]},{\"@type\":\"WebSite\",\"@id\":\"https:\/\/end-ibo.com\/#website\",\"url\":\"https:\/\/end-ibo.com\/\",\"name\":\"END-IBO\",\"description\":\"H\u00c1ZI \u00c9DESS\u00c9GEK\\n\",\"publisher\":{\"@id\":\"https:\/\/end-ibo.com\/#organization\"},\"potentialAction\":[{\"@type\":\"SearchAction\",\"target\":{\"@type\":\"EntryPoint\",\"urlTemplate\":\"https:\/\/end-ibo.com\/?s={search_term_string}\"},\"query-input\":{\"@type\":\"PropertyValueSpecification\",\"valueRequired\":true,\"valueName\":\"search_term_string\"}}],\"inLanguage\":\"hu\"},{\"@type\":\"Organization\",\"@id\":\"https:\/\/end-ibo.com\/#organization\",\"name\":\"END-IBO\",\"url\":\"https:\/\/end-ibo.com\/\",\"logo\":{\"@type\":\"ImageObject\",\"inLanguage\":\"hu\",\"@id\":\"https:\/\/end-ibo.com\/#\/schema\/logo\/image\/\",\"url\":\"https:\/\/end-ibo.com\/wp-content\/uploads\/2021\/08\/SEO-Image.png\",\"contentUrl\":\"https:\/\/end-ibo.com\/wp-content\/uploads\/2021\/08\/SEO-Image.png\",\"width\":1692,\"height\":882,\"caption\":\"END-IBO\"},\"image\":{\"@id\":\"https:\/\/end-ibo.com\/#\/schema\/logo\/image\/\"},\"sameAs\":[\"https:\/\/www.facebook.com\/endibosrl\",\"https:\/\/www.instagram.com\/endibo_srl\/\"]}]}<\/script>\n<!-- \/ Yoast SEO plugin. -->","yoast_head_json":{"title":"Vegyes goly\u00f3k 250 g - END-IBO","robots":{"index":"index","follow":"follow","max-snippet":"max-snippet:-1","max-image-preview":"max-image-preview:large","max-video-preview":"max-video-preview:-1"},"canonical":"https:\/\/end-ibo.com\/hu\/termek\/vegyes-golyok-250-g\/","og_locale":"hu_HU","og_type":"article","og_title":"Vegyes goly\u00f3k 250 g - END-IBO","og_description":"T\u00f6lt\u00f6tt k\u00f3kusz goly\u00f3 \u00d6sszetev\u0151k: teljes tejpor, k\u00f3kusz reszel\u00e9k, cukor, iv\u00f3v\u00edz, nem hidrog\u00e9nezett n\u00f6v\u00e9nyi zs\u00edr, barack t\u00f6ltel\u00e9k, frukt\u00f3z-gluk\u00f3z szirup, iv\u00f3v\u00edz, keksz, k\u00e1lium szorb\u00e1t, rum aroma. Energia: 458,98 kcal\/1920,41 kJ, Zs\u00edr 28,09 g amelyekb\u0151l tel\u00edtett zs\u00edrsavak 20,81 g, Sz\u00e9nhidr\u00e1t 50,94 g amelyb\u0151l cukrok 42,07 g, Feh\u00e9rje 6,12 g, Rost 5,14 g, S\u00f3 0,10 g T\u00f6lt\u00f6tt keksz goly\u00f3 [&hellip;]","og_url":"https:\/\/end-ibo.com\/hu\/termek\/vegyes-golyok-250-g\/","og_site_name":"END-IBO","article_publisher":"https:\/\/www.facebook.com\/endibosrl","article_modified_time":"2024-08-06T08:25:30+00:00","og_image":[{"width":2560,"height":1707,"url":"https:\/\/end-ibo.com\/wp-content\/uploads\/2024\/08\/BRF52657-scaled.jpg","type":"image\/jpeg"}],"twitter_card":"summary_large_image","twitter_misc":{"Becs\u00fclt olvas\u00e1si id\u0151":"1 perc"},"schema":{"@context":"https:\/\/schema.org","@graph":[{"@type":"WebPage","@id":"https:\/\/end-ibo.com\/hu\/termek\/vegyes-golyok-250-g\/","url":"https:\/\/end-ibo.com\/hu\/termek\/vegyes-golyok-250-g\/","name":"Vegyes goly\u00f3k 250 g - END-IBO","isPartOf":{"@id":"https:\/\/end-ibo.com\/#website"},"primaryImageOfPage":{"@id":"https:\/\/end-ibo.com\/hu\/termek\/vegyes-golyok-250-g\/#primaryimage"},"image":{"@id":"https:\/\/end-ibo.com\/hu\/termek\/vegyes-golyok-250-g\/#primaryimage"},"thumbnailUrl":"https:\/\/end-ibo.com\/wp-content\/uploads\/2024\/08\/BRF52657-scaled.jpg","datePublished":"2024-08-06T08:12:30+00:00","dateModified":"2024-08-06T08:25:30+00:00","breadcrumb":{"@id":"https:\/\/end-ibo.com\/hu\/termek\/vegyes-golyok-250-g\/#breadcrumb"},"inLanguage":"hu","potentialAction":[{"@type":"ReadAction","target":["https:\/\/end-ibo.com\/hu\/termek\/vegyes-golyok-250-g\/"]}]},{"@type":"ImageObject","inLanguage":"hu","@id":"https:\/\/end-ibo.com\/hu\/termek\/vegyes-golyok-250-g\/#primaryimage","url":"https:\/\/end-ibo.com\/wp-content\/uploads\/2024\/08\/BRF52657-scaled.jpg","contentUrl":"https:\/\/end-ibo.com\/wp-content\/uploads\/2024\/08\/BRF52657-scaled.jpg","width":2560,"height":1707},{"@type":"BreadcrumbList","@id":"https:\/\/end-ibo.com\/hu\/termek\/vegyes-golyok-250-g\/#breadcrumb","itemListElement":[{"@type":"ListItem","position":1,"name":"F\u0151oldal","item":"https:\/\/end-ibo.com\/"},{"@type":"ListItem","position":2,"name":"Term\u00e9kek","item":"https:\/\/end-ibo.com\/hu\/termekek\/"},{"@type":"ListItem","position":3,"name":"Vegyes goly\u00f3k 250 g"}]},{"@type":"WebSite","@id":"https:\/\/end-ibo.com\/#website","url":"https:\/\/end-ibo.com\/","name":"END-IBO","description":"H\u00c1ZI \u00c9DESS\u00c9GEK\n","publisher":{"@id":"https:\/\/end-ibo.com\/#organization"},"potentialAction":[{"@type":"SearchAction","target":{"@type":"EntryPoint","urlTemplate":"https:\/\/end-ibo.com\/?s={search_term_string}"},"query-input":{"@type":"PropertyValueSpecification","valueRequired":true,"valueName":"search_term_string"}}],"inLanguage":"hu"},{"@type":"Organization","@id":"https:\/\/end-ibo.com\/#organization","name":"END-IBO","url":"https:\/\/end-ibo.com\/","logo":{"@type":"ImageObject","inLanguage":"hu","@id":"https:\/\/end-ibo.com\/#\/schema\/logo\/image\/","url":"https:\/\/end-ibo.com\/wp-content\/uploads\/2021\/08\/SEO-Image.png","contentUrl":"https:\/\/end-ibo.com\/wp-content\/uploads\/2021\/08\/SEO-Image.png","width":1692,"height":882,"caption":"END-IBO"},"image":{"@id":"https:\/\/end-ibo.com\/#\/schema\/logo\/image\/"},"sameAs":["https:\/\/www.facebook.com\/endibosrl","https:\/\/www.instagram.com\/endibo_srl\/"]}]}},"_links":{"self":[{"href":"https:\/\/end-ibo.com\/hu\/wp-json\/wp\/v2\/product\/5749","targetHints":{"allow":["GET"]}}],"collection":[{"href":"https:\/\/end-ibo.com\/hu\/wp-json\/wp\/v2\/product"}],"about":[{"href":"https:\/\/end-ibo.com\/hu\/wp-json\/wp\/v2\/types\/product"}],"wp:featuredmedia":[{"embeddable":true,"href":"https:\/\/end-ibo.com\/hu\/wp-json\/wp\/v2\/media\/5744"}],"wp:attachment":[{"href":"https:\/\/end-ibo.com\/hu\/wp-json\/wp\/v2\/media?parent=5749"}],"wp:term":[{"taxonomy":"product_brand","embeddable":true,"href":"https:\/\/end-ibo.com\/hu\/wp-json\/wp\/v2\/product_brand?post=5749"},{"taxonomy":"product_cat","embeddable":true,"href":"https:\/\/end-ibo.com\/hu\/wp-json\/wp\/v2\/product_cat?post=5749"},{"taxonomy":"product_tag","embeddable":true,"href":"https:\/\/end-ibo.com\/hu\/wp-json\/wp\/v2\/product_tag?post=5749"}],"curies":[{"name":"wp","href":"https:\/\/api.w.org\/{rel}","templated":true}]}}