{"id":6359,"date":"2025-03-31T14:38:23","date_gmt":"2025-03-31T12:10:15","guid":{"rendered":"https:\/\/end-ibo.com\/?post_type=product&#038;p=6359"},"modified":"2026-01-16T13:12:06","modified_gmt":"2026-01-16T11:12:06","slug":"fincsi-kocka-pisztacias-izesitesu","status":"publish","type":"product","link":"https:\/\/end-ibo.com\/hu\/termek\/fincsi-kocka-pisztacias-izesitesu\/","title":{"rendered":"Fincsi kocka -Piszt\u00e1ci\u00e1s \u00edzes\u00edt\u00e9s\u0171"},"content":{"rendered":"","protected":false},"excerpt":{"rendered":"","protected":false},"featured_media":6356,"template":"","meta":{"site-sidebar-layout":"default","site-content-layout":"","ast-site-content-layout":"default","site-content-style":"default","site-sidebar-style":"default","ast-global-header-display":"","ast-banner-title-visibility":"","ast-main-header-display":"","ast-hfb-above-header-display":"","ast-hfb-below-header-display":"","ast-hfb-mobile-header-display":"","site-post-title":"","ast-breadcrumbs-content":"","ast-featured-img":"","footer-sml-layout":"","ast-disable-related-posts":"","theme-transparent-header-meta":"default","adv-header-id-meta":"","stick-header-meta":"","header-above-stick-meta":"","header-main-stick-meta":"","header-below-stick-meta":"","astra-migrate-meta-layouts":"default","ast-page-background-enabled":"default","ast-page-background-meta":{"desktop":{"background-color":"","background-image":"","background-repeat":"repeat","background-position":"center center","background-size":"auto","background-attachment":"scroll","background-type":"","background-media":"","overlay-type":"","overlay-color":"","overlay-opacity":"","overlay-gradient":""},"tablet":{"background-color":"","background-image":"","background-repeat":"repeat","background-position":"center center","background-size":"auto","background-attachment":"scroll","background-type":"","background-media":"","overlay-type":"","overlay-color":"","overlay-opacity":"","overlay-gradient":""},"mobile":{"background-color":"","background-image":"","background-repeat":"repeat","background-position":"center center","background-size":"auto","background-attachment":"scroll","background-type":"","background-media":"","overlay-type":"","overlay-color":"","overlay-opacity":"","overlay-gradient":""}},"ast-content-background-meta":{"desktop":{"background-color":"var(--ast-global-color-5)","background-image":"","background-repeat":"repeat","background-position":"center center","background-size":"auto","background-attachment":"scroll","background-type":"","background-media":"","overlay-type":"","overlay-color":"","overlay-opacity":"","overlay-gradient":""},"tablet":{"background-color":"var(--ast-global-color-5)","background-image":"","background-repeat":"repeat","background-position":"center center","background-size":"auto","background-attachment":"scroll","background-type":"","background-media":"","overlay-type":"","overlay-color":"","overlay-opacity":"","overlay-gradient":""},"mobile":{"background-color":"var(--ast-global-color-5)","background-image":"","background-repeat":"repeat","background-position":"center center","background-size":"auto","background-attachment":"scroll","background-type":"","background-media":"","overlay-type":"","overlay-color":"","overlay-opacity":"","overlay-gradient":""}}},"product_brand":[],"product_cat":[1422,1544,788],"product_tag":[],"class_list":{"0":"post-6359","1":"product","2":"type-product","3":"status-publish","4":"has-post-thumbnail","6":"product_cat-karacsonyitermekek","7":"product_cat-mini-falatkak","8":"product_cat-mas-edessegek","9":"pa_fibre-1-g-3","10":"pa_grasimi-saturate-4-g-hu","11":"pa_proteine-11-g-hu","12":"pa_sare-051-g-hu","13":"pa_termen-de-garantie-3-honap","14":"pa_total-glucide-62-g-hu","15":"pa_total-grasimi-12-g-hu","16":"pa_valoare-energetica-1704-kj-407-kcal-hu","17":"pa_zaharuri-din-glucide-47-g-hu","18":"desktop-align-left","19":"tablet-align-left","20":"mobile-align-left","22":"first","23":"instock","24":"shipping-taxable","25":"purchasable","26":"product-type-simple"},"group_of_quantity":0,"min_quantity":0,"max_quantity":"","exclude_order_quantity_value_rules":"no","exclude_category_quantity_rules":"no","combine_variations":"no","yoast_head":"<!-- This site is optimized with the Yoast SEO plugin v26.7 - https:\/\/yoast.com\/wordpress\/plugins\/seo\/ -->\n<title>Fincsi kocka -Piszt\u00e1ci\u00e1s \u00edzes\u00edt\u00e9s\u0171 - END-IBO<\/title>\n<meta name=\"robots\" content=\"index, follow, max-snippet:-1, max-image-preview:large, max-video-preview:-1\" \/>\n<link rel=\"canonical\" href=\"https:\/\/end-ibo.com\/hu\/termek\/fincsi-kocka-pisztacias-izesitesu\/\" \/>\n<meta property=\"og:locale\" content=\"hu_HU\" \/>\n<meta property=\"og:type\" content=\"article\" \/>\n<meta property=\"og:title\" content=\"Fincsi kocka -Piszt\u00e1ci\u00e1s \u00edzes\u00edt\u00e9s\u0171 - END-IBO\" \/>\n<meta property=\"og:url\" content=\"https:\/\/end-ibo.com\/hu\/termek\/fincsi-kocka-pisztacias-izesitesu\/\" \/>\n<meta property=\"og:site_name\" content=\"END-IBO\" \/>\n<meta property=\"article:publisher\" content=\"https:\/\/www.facebook.com\/endibosrl\" \/>\n<meta property=\"article:modified_time\" content=\"2026-01-16T11:12:06+00:00\" \/>\n<meta property=\"og:image\" content=\"https:\/\/end-ibo.com\/wp-content\/uploads\/2025\/03\/1-IMG_4313-scaled.jpg\" \/>\n\t<meta property=\"og:image:width\" content=\"2560\" \/>\n\t<meta property=\"og:image:height\" content=\"1920\" \/>\n\t<meta property=\"og:image:type\" content=\"image\/jpeg\" \/>\n<meta name=\"twitter:card\" content=\"summary_large_image\" \/>\n<script type=\"application\/ld+json\" class=\"yoast-schema-graph\">{\"@context\":\"https:\/\/schema.org\",\"@graph\":[{\"@type\":\"WebPage\",\"@id\":\"https:\/\/end-ibo.com\/hu\/termek\/fincsi-kocka-pisztacias-izesitesu\/\",\"url\":\"https:\/\/end-ibo.com\/hu\/termek\/fincsi-kocka-pisztacias-izesitesu\/\",\"name\":\"Fincsi kocka -Piszt\u00e1ci\u00e1s \u00edzes\u00edt\u00e9s\u0171 - END-IBO\",\"isPartOf\":{\"@id\":\"https:\/\/end-ibo.com\/#website\"},\"primaryImageOfPage\":{\"@id\":\"https:\/\/end-ibo.com\/hu\/termek\/fincsi-kocka-pisztacias-izesitesu\/#primaryimage\"},\"image\":{\"@id\":\"https:\/\/end-ibo.com\/hu\/termek\/fincsi-kocka-pisztacias-izesitesu\/#primaryimage\"},\"thumbnailUrl\":\"https:\/\/end-ibo.com\/wp-content\/uploads\/2025\/03\/1-IMG_4313-scaled.jpg\",\"datePublished\":\"2025-03-31T12:10:15+00:00\",\"dateModified\":\"2026-01-16T11:12:06+00:00\",\"breadcrumb\":{\"@id\":\"https:\/\/end-ibo.com\/hu\/termek\/fincsi-kocka-pisztacias-izesitesu\/#breadcrumb\"},\"inLanguage\":\"hu\",\"potentialAction\":[{\"@type\":\"ReadAction\",\"target\":[\"https:\/\/end-ibo.com\/hu\/termek\/fincsi-kocka-pisztacias-izesitesu\/\"]}]},{\"@type\":\"ImageObject\",\"inLanguage\":\"hu\",\"@id\":\"https:\/\/end-ibo.com\/hu\/termek\/fincsi-kocka-pisztacias-izesitesu\/#primaryimage\",\"url\":\"https:\/\/end-ibo.com\/wp-content\/uploads\/2025\/03\/1-IMG_4313-scaled.jpg\",\"contentUrl\":\"https:\/\/end-ibo.com\/wp-content\/uploads\/2025\/03\/1-IMG_4313-scaled.jpg\",\"width\":2560,\"height\":1920},{\"@type\":\"BreadcrumbList\",\"@id\":\"https:\/\/end-ibo.com\/hu\/termek\/fincsi-kocka-pisztacias-izesitesu\/#breadcrumb\",\"itemListElement\":[{\"@type\":\"ListItem\",\"position\":1,\"name\":\"F\u0151oldal\",\"item\":\"https:\/\/end-ibo.com\/\"},{\"@type\":\"ListItem\",\"position\":2,\"name\":\"Term\u00e9kek\",\"item\":\"https:\/\/end-ibo.com\/hu\/termekek\/\"},{\"@type\":\"ListItem\",\"position\":3,\"name\":\"Fincsi kocka -Piszt\u00e1ci\u00e1s \u00edzes\u00edt\u00e9s\u0171\"}]},{\"@type\":\"WebSite\",\"@id\":\"https:\/\/end-ibo.com\/#website\",\"url\":\"https:\/\/end-ibo.com\/\",\"name\":\"END-IBO\",\"description\":\"H\u00c1ZI \u00c9DESS\u00c9GEK\\n\",\"publisher\":{\"@id\":\"https:\/\/end-ibo.com\/#organization\"},\"potentialAction\":[{\"@type\":\"SearchAction\",\"target\":{\"@type\":\"EntryPoint\",\"urlTemplate\":\"https:\/\/end-ibo.com\/?s={search_term_string}\"},\"query-input\":{\"@type\":\"PropertyValueSpecification\",\"valueRequired\":true,\"valueName\":\"search_term_string\"}}],\"inLanguage\":\"hu\"},{\"@type\":\"Organization\",\"@id\":\"https:\/\/end-ibo.com\/#organization\",\"name\":\"END-IBO\",\"url\":\"https:\/\/end-ibo.com\/\",\"logo\":{\"@type\":\"ImageObject\",\"inLanguage\":\"hu\",\"@id\":\"https:\/\/end-ibo.com\/#\/schema\/logo\/image\/\",\"url\":\"https:\/\/end-ibo.com\/wp-content\/uploads\/2021\/08\/SEO-Image.png\",\"contentUrl\":\"https:\/\/end-ibo.com\/wp-content\/uploads\/2021\/08\/SEO-Image.png\",\"width\":1692,\"height\":882,\"caption\":\"END-IBO\"},\"image\":{\"@id\":\"https:\/\/end-ibo.com\/#\/schema\/logo\/image\/\"},\"sameAs\":[\"https:\/\/www.facebook.com\/endibosrl\",\"https:\/\/www.instagram.com\/endibo_srl\/\"]}]}<\/script>\n<!-- \/ Yoast SEO plugin. -->","yoast_head_json":{"title":"Fincsi kocka -Piszt\u00e1ci\u00e1s \u00edzes\u00edt\u00e9s\u0171 - END-IBO","robots":{"index":"index","follow":"follow","max-snippet":"max-snippet:-1","max-image-preview":"max-image-preview:large","max-video-preview":"max-video-preview:-1"},"canonical":"https:\/\/end-ibo.com\/hu\/termek\/fincsi-kocka-pisztacias-izesitesu\/","og_locale":"hu_HU","og_type":"article","og_title":"Fincsi kocka -Piszt\u00e1ci\u00e1s \u00edzes\u00edt\u00e9s\u0171 - END-IBO","og_url":"https:\/\/end-ibo.com\/hu\/termek\/fincsi-kocka-pisztacias-izesitesu\/","og_site_name":"END-IBO","article_publisher":"https:\/\/www.facebook.com\/endibosrl","article_modified_time":"2026-01-16T11:12:06+00:00","og_image":[{"width":2560,"height":1920,"url":"https:\/\/end-ibo.com\/wp-content\/uploads\/2025\/03\/1-IMG_4313-scaled.jpg","type":"image\/jpeg"}],"twitter_card":"summary_large_image","schema":{"@context":"https:\/\/schema.org","@graph":[{"@type":"WebPage","@id":"https:\/\/end-ibo.com\/hu\/termek\/fincsi-kocka-pisztacias-izesitesu\/","url":"https:\/\/end-ibo.com\/hu\/termek\/fincsi-kocka-pisztacias-izesitesu\/","name":"Fincsi kocka -Piszt\u00e1ci\u00e1s \u00edzes\u00edt\u00e9s\u0171 - END-IBO","isPartOf":{"@id":"https:\/\/end-ibo.com\/#website"},"primaryImageOfPage":{"@id":"https:\/\/end-ibo.com\/hu\/termek\/fincsi-kocka-pisztacias-izesitesu\/#primaryimage"},"image":{"@id":"https:\/\/end-ibo.com\/hu\/termek\/fincsi-kocka-pisztacias-izesitesu\/#primaryimage"},"thumbnailUrl":"https:\/\/end-ibo.com\/wp-content\/uploads\/2025\/03\/1-IMG_4313-scaled.jpg","datePublished":"2025-03-31T12:10:15+00:00","dateModified":"2026-01-16T11:12:06+00:00","breadcrumb":{"@id":"https:\/\/end-ibo.com\/hu\/termek\/fincsi-kocka-pisztacias-izesitesu\/#breadcrumb"},"inLanguage":"hu","potentialAction":[{"@type":"ReadAction","target":["https:\/\/end-ibo.com\/hu\/termek\/fincsi-kocka-pisztacias-izesitesu\/"]}]},{"@type":"ImageObject","inLanguage":"hu","@id":"https:\/\/end-ibo.com\/hu\/termek\/fincsi-kocka-pisztacias-izesitesu\/#primaryimage","url":"https:\/\/end-ibo.com\/wp-content\/uploads\/2025\/03\/1-IMG_4313-scaled.jpg","contentUrl":"https:\/\/end-ibo.com\/wp-content\/uploads\/2025\/03\/1-IMG_4313-scaled.jpg","width":2560,"height":1920},{"@type":"BreadcrumbList","@id":"https:\/\/end-ibo.com\/hu\/termek\/fincsi-kocka-pisztacias-izesitesu\/#breadcrumb","itemListElement":[{"@type":"ListItem","position":1,"name":"F\u0151oldal","item":"https:\/\/end-ibo.com\/"},{"@type":"ListItem","position":2,"name":"Term\u00e9kek","item":"https:\/\/end-ibo.com\/hu\/termekek\/"},{"@type":"ListItem","position":3,"name":"Fincsi kocka -Piszt\u00e1ci\u00e1s \u00edzes\u00edt\u00e9s\u0171"}]},{"@type":"WebSite","@id":"https:\/\/end-ibo.com\/#website","url":"https:\/\/end-ibo.com\/","name":"END-IBO","description":"H\u00c1ZI \u00c9DESS\u00c9GEK\n","publisher":{"@id":"https:\/\/end-ibo.com\/#organization"},"potentialAction":[{"@type":"SearchAction","target":{"@type":"EntryPoint","urlTemplate":"https:\/\/end-ibo.com\/?s={search_term_string}"},"query-input":{"@type":"PropertyValueSpecification","valueRequired":true,"valueName":"search_term_string"}}],"inLanguage":"hu"},{"@type":"Organization","@id":"https:\/\/end-ibo.com\/#organization","name":"END-IBO","url":"https:\/\/end-ibo.com\/","logo":{"@type":"ImageObject","inLanguage":"hu","@id":"https:\/\/end-ibo.com\/#\/schema\/logo\/image\/","url":"https:\/\/end-ibo.com\/wp-content\/uploads\/2021\/08\/SEO-Image.png","contentUrl":"https:\/\/end-ibo.com\/wp-content\/uploads\/2021\/08\/SEO-Image.png","width":1692,"height":882,"caption":"END-IBO"},"image":{"@id":"https:\/\/end-ibo.com\/#\/schema\/logo\/image\/"},"sameAs":["https:\/\/www.facebook.com\/endibosrl","https:\/\/www.instagram.com\/endibo_srl\/"]}]}},"_links":{"self":[{"href":"https:\/\/end-ibo.com\/hu\/wp-json\/wp\/v2\/product\/6359","targetHints":{"allow":["GET"]}}],"collection":[{"href":"https:\/\/end-ibo.com\/hu\/wp-json\/wp\/v2\/product"}],"about":[{"href":"https:\/\/end-ibo.com\/hu\/wp-json\/wp\/v2\/types\/product"}],"wp:featuredmedia":[{"embeddable":true,"href":"https:\/\/end-ibo.com\/hu\/wp-json\/wp\/v2\/media\/6356"}],"wp:attachment":[{"href":"https:\/\/end-ibo.com\/hu\/wp-json\/wp\/v2\/media?parent=6359"}],"wp:term":[{"taxonomy":"product_brand","embeddable":true,"href":"https:\/\/end-ibo.com\/hu\/wp-json\/wp\/v2\/product_brand?post=6359"},{"taxonomy":"product_cat","embeddable":true,"href":"https:\/\/end-ibo.com\/hu\/wp-json\/wp\/v2\/product_cat?post=6359"},{"taxonomy":"product_tag","embeddable":true,"href":"https:\/\/end-ibo.com\/hu\/wp-json\/wp\/v2\/product_tag?post=6359"}],"curies":[{"name":"wp","href":"https:\/\/api.w.org\/{rel}","templated":true}]}}